{"id":1802,"date":"2026-02-18T22:12:44","date_gmt":"2026-02-18T22:12:44","guid":{"rendered":"https:\/\/www.mototach.sk\/truckshop\/?post_type=product&#038;p=1802"},"modified":"2026-02-18T22:19:02","modified_gmt":"2026-02-18T22:19:02","slug":"vdo-link-stahovanie-tachografu-a-sprava-fleetu","status":"publish","type":"product","link":"https:\/\/www.mototach.sk\/truckshop\/product\/vdo-link-stahovanie-tachografu-a-sprava-fleetu\/","title":{"rendered":"VDO Link &#8211; s\u0165ahovanie tachografu a spr\u00e1va fleetu"},"content":{"rendered":"<p><span class=\"entity-underline hover:entity-accent inline cursor-pointer align-baseline\"><span class=\"whitespace-normal\">VDO Link<\/span><\/span> \u2013 pokro\u010dil\u00e9 telematick\u00e9 rie\u0161enie pre modern\u00e9 flotily<\/p>\n<p><strong data-start=\"429\" data-end=\"457\">\u010co VDO Link prin\u00e1\u0161a a ako v\u00e1m pom\u00f4\u017eeme so spr\u00e1vou<\/strong><\/p>\n<ul>\n<li><strong data-start=\"460\" data-end=\"490\">Automatick\u00e9 s\u0165ahovanie d\u00e1t<\/strong> z tachografov a vodi\u010dsk\u00fdch kariet bez manu\u00e1lnych z\u00e1sahov<\/li>\n<li data-start=\"639\" data-end=\"790\">\n<p data-start=\"641\" data-end=\"790\"><strong data-start=\"641\" data-end=\"673\">Poloha vozidla v re\u00e1lnom \u010dase<\/strong> \u2013 sledujte polohu vozidiel, optimalizujte trasy a zlep\u0161ite distrib\u00faciu \u00faloh.<\/p>\n<\/li>\n<li data-start=\"791\" data-end=\"946\">\n<p data-start=\"793\" data-end=\"946\"><strong data-start=\"793\" data-end=\"817\">Online spr\u00e1va \u00fadajov<\/strong> priamo cez cloud \u2013 v\u0161etky d\u00e1ta vo webovom rozhran\u00ed s\u00fa dostupn\u00e9 z ak\u00e9hoko\u013evek zariadenia.<\/p>\n<\/li>\n<li data-start=\"947\" data-end=\"1081\">\n<p data-start=\"949\" data-end=\"1081\"><strong data-start=\"949\" data-end=\"990\">Jednoduch\u00e9 zapojenie typu Plug &amp; Play<\/strong> \u2013 r\u00fdchla in\u0161tal\u00e1cia bez dlh\u0161\u00edch prestojov vozidla.<\/p>\n<\/li>\n<li data-start=\"1082\" data-end=\"1220\">\n<p data-start=\"1084\" data-end=\"1220\"><strong data-start=\"1084\" data-end=\"1107\">Bezpe\u010dn\u00e1 archiv\u00e1cia<\/strong> a pokro\u010dil\u00e9 protokoly kybernetickej bezpe\u010dnosti pre ochranu citliv\u00fdch d\u00e1t.<\/p>\n<p><strong>V pr\u00edpade mont\u00e1\u017ee tachografov pre vozidl\u00e1 nad 2.5t je mo\u017en\u00e9 implemenova\u0165 automatick\u00e9 s\u0165ahovanie za zv\u00fdhodnen\u00e9 podmienky a cenu. V pr\u00edpade z\u00e1ujmu kontaktujte <a href=\"https:\/\/www.mototach.sk\">Mototach<\/a><\/strong><\/p>\n<p>VDO Link PDF manu\u00e1l na <a href=\"https:\/\/www.mototach.sk\/truckshop\/wp-content\/uploads\/2026\/02\/VDO-LINK.pdf\">stiahnutie TU<\/a><br \/>\nE\u00da certifik\u00e1t o zhode &#8211; VDO Link <a href=\"https:\/\/www.mototach.sk\/truckshop\/wp-content\/uploads\/2026\/02\/VDO-LINK-Declaration.pdf\">TU<\/a><\/li>\n<\/ul>\n","protected":false},"excerpt":{"rendered":"<h3 data-start=\"1227\" data-end=\"1271\"><strong data-start=\"1234\" data-end=\"1271\">Hlavn\u00e9 v\u00fdhody pre va\u0161e podnikanie<\/strong><\/h3>\n<ul data-start=\"1272\" data-end=\"1890\">\n<li data-start=\"1272\" data-end=\"1406\">\n<p data-start=\"1274\" data-end=\"1406\">\ud83d\udcca <strong data-start=\"1277\" data-end=\"1304\">\u00daspora \u010dasu a n\u00e1kladov:<\/strong> Eliminuje potrebu manu\u00e1lneho s\u0165ahovania a spracovania \u00fadajov.<\/p>\n<\/li>\n<li data-start=\"1407\" data-end=\"1560\">\n<p data-start=\"1409\" data-end=\"1560\">\ud83e\udded <strong data-start=\"1412\" data-end=\"1442\">Lep\u0161ia efektivita flotily:<\/strong> Re\u00e1lne d\u00e1ta o polohe a dostupnosti vodi\u010dov pom\u00e1haj\u00fa optimalizova\u0165 pl\u00e1novanie.<\/p>\n<\/li>\n<li data-start=\"1561\" data-end=\"1750\">\n<p data-start=\"1563\" data-end=\"1750\">\ud83d\udcc5 <strong data-start=\"1566\" data-end=\"1599\">Dodr\u017eiavanie z\u00e1konn\u00fdch leh\u00f4t:<\/strong> Automatick\u00e9 s\u0165ahovanie v z\u00e1konom stanovenej periodicite (napr. 90\u202fdn\u00ed pre tachograf, 28\u202fdn\u00ed pre kartu vodi\u010da).<\/p>\n<\/li>\n<li data-start=\"1751\" data-end=\"1890\">\n<p data-start=\"1753\" data-end=\"1890\">\ud83d\udd12 <strong data-start=\"1756\" data-end=\"1786\">Bezpe\u010dnos\u0165 a s\u00falad s GDPR:<\/strong> D\u00e1ta s\u00fa chr\u00e1nen\u00e9 pomocou modern\u00fdch bezpe\u010dnostn\u00fdch protokolov.<\/p>\n<\/li>\n<\/ul>\n","protected":false},"featured_media":1803,"comment_status":"closed","ping_status":"closed","template":"","meta":{"site-sidebar-layout":"default","site-content-layout":"","ast-site-content-layout":"default","site-content-style":"default","site-sidebar-style":"default","ast-global-header-display":"","ast-banner-title-visibility":"","ast-main-header-display":"","ast-hfb-above-header-display":"","ast-hfb-below-header-display":"","ast-hfb-mobile-header-display":"","site-post-title":"","ast-breadcrumbs-content":"","ast-featured-img":"","footer-sml-layout":"","ast-disable-related-posts":"","theme-transparent-header-meta":"default","adv-header-id-meta":"","stick-header-meta":"","header-above-stick-meta":"","header-main-stick-meta":"","header-below-stick-meta":"","astra-migrate-meta-layouts":"set","ast-page-background-enabled":"default","ast-page-background-meta":{"desktop":{"background-color":"var(--ast-global-color-4)","background-image":"","background-repeat":"repeat","background-position":"center center","background-size":"auto","background-attachment":"scroll","background-type":"","background-media":"","overlay-type":"","overlay-color":"","overlay-opacity":"","overlay-gradient":""},"tablet":{"background-color":"","background-image":"","background-repeat":"repeat","background-position":"center center","background-size":"auto","background-attachment":"scroll","background-type":"","background-media":"","overlay-type":"","overlay-color":"","overlay-opacity":"","overlay-gradient":""},"mobile":{"background-color":"","background-image":"","background-repeat":"repeat","background-position":"center center","background-size":"auto","background-attachment":"scroll","background-type":"","background-media":"","overlay-type":"","overlay-color":"","overlay-opacity":"","overlay-gradient":""}},"ast-content-background-meta":{"desktop":{"background-color":"var(--ast-global-color-5)","background-image":"","background-repeat":"repeat","background-position":"center center","background-size":"auto","background-attachment":"scroll","background-type":"","background-media":"","overlay-type":"","overlay-color":"","overlay-opacity":"","overlay-gradient":""},"tablet":{"background-color":"var(--ast-global-color-5)","background-image":"","background-repeat":"repeat","background-position":"center center","background-size":"auto","background-attachment":"scroll","background-type":"","background-media":"","overlay-type":"","overlay-color":"","overlay-opacity":"","overlay-gradient":""},"mobile":{"background-color":"var(--ast-global-color-5)","background-image":"","background-repeat":"repeat","background-position":"center center","background-size":"auto","background-attachment":"scroll","background-type":"","background-media":"","overlay-type":"","overlay-color":"","overlay-opacity":"","overlay-gradient":""}}},"product_brand":[],"product_cat":[82],"product_tag":[127],"class_list":{"0":"post-1802","1":"product","2":"type-product","3":"status-publish","4":"has-post-thumbnail","6":"product_cat-stahovanie-udajov","7":"product_tag-vdo-link","8":"desktop-align-left","9":"tablet-align-left","10":"mobile-align-left","12":"first","13":"instock","14":"taxable","15":"shipping-taxable","16":"purchasable","17":"product-type-simple"},"_links":{"self":[{"href":"https:\/\/www.mototach.sk\/truckshop\/wp-json\/wp\/v2\/product\/1802","targetHints":{"allow":["GET"]}}],"collection":[{"href":"https:\/\/www.mototach.sk\/truckshop\/wp-json\/wp\/v2\/product"}],"about":[{"href":"https:\/\/www.mototach.sk\/truckshop\/wp-json\/wp\/v2\/types\/product"}],"replies":[{"embeddable":true,"href":"https:\/\/www.mototach.sk\/truckshop\/wp-json\/wp\/v2\/comments?post=1802"}],"wp:featuredmedia":[{"embeddable":true,"href":"https:\/\/www.mototach.sk\/truckshop\/wp-json\/wp\/v2\/media\/1803"}],"wp:attachment":[{"href":"https:\/\/www.mototach.sk\/truckshop\/wp-json\/wp\/v2\/media?parent=1802"}],"wp:term":[{"taxonomy":"product_brand","embeddable":true,"href":"https:\/\/www.mototach.sk\/truckshop\/wp-json\/wp\/v2\/product_brand?post=1802"},{"taxonomy":"product_cat","embeddable":true,"href":"https:\/\/www.mototach.sk\/truckshop\/wp-json\/wp\/v2\/product_cat?post=1802"},{"taxonomy":"product_tag","embeddable":true,"href":"https:\/\/www.mototach.sk\/truckshop\/wp-json\/wp\/v2\/product_tag?post=1802"}],"curies":[{"name":"wp","href":"https:\/\/api.w.org\/{rel}","templated":true}]}}