{"id":1740,"date":"2025-10-15T20:32:53","date_gmt":"2025-10-15T20:32:53","guid":{"rendered":"https:\/\/www.mototach.sk\/truckshop\/?post_type=product&#038;p=1740"},"modified":"2025-12-09T11:52:58","modified_gmt":"2025-12-09T11:52:58","slug":"aktualizacne-kupony-pre-vdo-10x","status":"publish","type":"product","link":"https:\/\/www.mototach.sk\/truckshop\/product\/aktualizacne-kupony-pre-vdo-10x\/","title":{"rendered":"Aktualiza\u010dn\u00e9 kup\u00f3ny pre VDO &#8211; 10x"},"content":{"rendered":"<p><strong data-start=\"207\" data-end=\"230\">Ofici\u00e1lny VDO kup\u00f3n<\/strong> umo\u017e\u0148uje vykona\u0165 <strong data-start=\"248\" data-end=\"327\">10 softv\u00e9rov\u00fdch aktualiz\u00e1ci\u00ed tachografov DTCO 4.1 alebo 4.1a na verziu 4.1b<\/strong>.<br data-start=\"328\" data-end=\"331\" \/>Je nevyhnutn\u00fd pre splnenie najnov\u0161\u00edch po\u017eiadaviek Eur\u00f3pskej \u00fanie a pre aktiv\u00e1ciu funkcie <strong data-start=\"420\" data-end=\"429\">OSNMA<\/strong> (overenie GNSS sign\u00e1lu) a aktualiz\u00e1ciu <strong data-start=\"469\" data-end=\"481\">GNSS m\u00e1p<\/strong>. Tieto aktualiz\u00e1cie s\u00fa povinn\u00e9 pri najbli\u017e\u0161om overen\u00ed tachografu, ak to vy\u017eaduje \u010d\u00edslo aktualiz\u00e1cie. Inform\u00e1cie oh\u013eadom aktualiz\u00e1ci\u00ed sa do\u010d\u00edtate v \u010dl\u00e1nku<strong><a href=\"https:\/\/www.mototach.sk\/povinne-aktualizacie-tachografov-vdo-gen2\/\"> TU<\/a><\/strong><\/p>\n<hr \/>\n<h3 data-start=\"489\" data-end=\"523\">\ud83d\udd27 <strong data-start=\"496\" data-end=\"523\">Na \u010do sl\u00fa\u017ei tento kup\u00f3n<\/strong><\/h3>\n<p data-start=\"524\" data-end=\"672\">Kup\u00f3n sa pou\u017e\u00edva po\u010das aktualiza\u010dn\u00e9ho procesu prostredn\u00edctvom zariadenia <strong data-start=\"597\" data-end=\"618\">WorkshopTab (WST)<\/strong> spolu so servisn\u00fdm k\u00e1blom <strong data-start=\"645\" data-end=\"671\">\u010d. dielu 2910000849500<\/strong>.<\/p>\n<h4 data-start=\"674\" data-end=\"701\"><strong data-start=\"679\" data-end=\"701\">Pre\u010do je potrebn\u00fd:<\/strong><\/h4>\n<ul data-start=\"702\" data-end=\"1015\">\n<li data-start=\"702\" data-end=\"865\">\n<p data-start=\"704\" data-end=\"865\">\u2705 <strong data-start=\"706\" data-end=\"751\">Povinn\u00e9 aktualiz\u00e1cie pod\u013ea legislat\u00edvy E\u00da<\/strong><br data-start=\"751\" data-end=\"754\" \/>Od <strong data-start=\"759\" data-end=\"779\">15. okt\u00f3bra 2025<\/strong> bud\u00fa v\u0161etky dielne bez vykonan\u00fdch aktualiz\u00e1ci\u00ed <strong data-start=\"827\" data-end=\"862\">blokovan\u00e9 v syst\u00e9me WorkshopTab<\/strong>.<\/p>\n<\/li>\n<li data-start=\"866\" data-end=\"1015\">\n<p data-start=\"868\" data-end=\"1015\">\u2705 <strong data-start=\"870\" data-end=\"906\">Kompatibilita s nov\u00fdmi funkciami<\/strong><br data-start=\"906\" data-end=\"909\" \/>Aktualiz\u00e1cia prin\u00e1\u0161a najnov\u0161ie bezpe\u010dnostn\u00e9 \u0161tandardy, pr\u00e1vnu zhody a pripravenos\u0165 na funkciu <strong data-start=\"1005\" data-end=\"1014\">OSNMA<\/strong>.<\/p>\n<h3 data-start=\"1022\" data-end=\"1053\">\ud83d\udca1 <strong data-start=\"1029\" data-end=\"1053\">V\u00fdhody n\u00e1kupu kup\u00f3nu<\/strong><\/h3>\n<ul data-start=\"1054\" data-end=\"1322\">\n<li data-start=\"1054\" data-end=\"1102\">\n<p data-start=\"1056\" data-end=\"1102\">1 kup\u00f3n = <strong data-start=\"1066\" data-end=\"1102\">10 aktualiz\u00e1ci\u00ed tachografov DTCO<\/strong><\/p>\n<\/li>\n<li data-start=\"1103\" data-end=\"1175\">\n<p data-start=\"1105\" data-end=\"1175\"><strong data-start=\"1105\" data-end=\"1130\">Ofici\u00e1lny produkt VDO<\/strong> \u2013 zaru\u010den\u00e1 pln\u00e1 kompatibilita a bezpe\u010dnos\u0165<\/p>\n<\/li>\n<li data-start=\"1176\" data-end=\"1249\">\n<p data-start=\"1178\" data-end=\"1249\">Priprav\u00edte svoju diel\u0148u na <strong data-start=\"1205\" data-end=\"1247\">nov\u00e9 pr\u00e1vne a technologick\u00e9 po\u017eiadavky<\/strong><\/p>\n<\/li>\n<li data-start=\"1250\" data-end=\"1322\">\n<p data-start=\"1252\" data-end=\"1322\">Mo\u017enos\u0165 <strong data-start=\"1260\" data-end=\"1291\">zabezpe\u010di\u0165 si z\u00e1sobu vopred<\/strong> pred pr\u00edpadn\u00fdm zv\u00fd\u0161en\u00edm cien<\/p>\n<h3 data-start=\"1329\" data-end=\"1360\">\ud83d\udcc4 <strong data-start=\"1336\" data-end=\"1360\">Technick\u00e9 inform\u00e1cie<\/strong><\/h3>\n<ul data-start=\"1361\" data-end=\"1576\">\n<li data-start=\"1361\" data-end=\"1395\">\n<p data-start=\"1363\" data-end=\"1395\"><strong data-start=\"1363\" data-end=\"1379\">\u010c\u00edslo dielu:<\/strong> 2910002570100<\/p>\n<\/li>\n<li data-start=\"1396\" data-end=\"1447\">\n<p data-start=\"1398\" data-end=\"1447\"><strong data-start=\"1398\" data-end=\"1408\">Forma:<\/strong> papierov\u00fd voucher s aktiva\u010dn\u00fdm k\u00f3dom<\/p>\n<\/li>\n<li data-start=\"1448\" data-end=\"1523\">\n<p data-start=\"1450\" data-end=\"1523\"><strong data-start=\"1450\" data-end=\"1462\">Ur\u010denie:<\/strong> pre dielne <strong data-start=\"1474\" data-end=\"1521\">autorizovan\u00e9 na kalibr\u00e1ciu tachografov DTCO<\/strong><\/p>\n<\/li>\n<li data-start=\"1524\" data-end=\"1576\">\n<p data-start=\"1526\" data-end=\"1576\"><strong data-start=\"1526\" data-end=\"1549\">Podporovan\u00e9 verzie:<\/strong> DTCO 4.1a, 4.1b (GEN2v2)<\/p>\n<\/li>\n<\/ul>\n<blockquote data-start=\"1578\" data-end=\"1651\">\n<p data-start=\"1580\" data-end=\"1651\">Servisn\u00fd manu\u00e1l na vykonanie aktualiz\u00e1cie je s\u00fa\u010das\u0165ou balenia kup\u00f3nu.<\/p>\n<p>\u26a0\ufe0f <strong data-start=\"1814\" data-end=\"1830\">Upozornenie:<\/strong><br data-start=\"1830\" data-end=\"1833\" \/>Servisn\u00fd k\u00e1bel <strong data-start=\"1848\" data-end=\"1894\">DTCO Update Cable (\u010d. dielu 2910000849500)<\/strong> je potrebn\u00e9 zak\u00fapi\u0165 samostatne. V pr\u00edpade vykonania aktualiz\u00e1cie (alebo overenia) na va\u0161\u00edch tachografoch kontaktujte <a href=\"https:\/\/www.mototach.sk\">klienstk\u00e9 centrum Mototach\u00a0<\/a><\/p><\/blockquote>\n<h4 data-start=\"2034\" data-end=\"2074\"><strong data-start=\"2039\" data-end=\"2074\">Podporovan\u00e9 verzie tachografov:<\/strong><\/h4>\n<p data-start=\"2075\" data-end=\"2566\">AAA2632390021, 1381-7550333019, 1381.7550333019<br data-start=\"2122\" data-end=\"2125\" \/>AAA2632380021, 1381-7550333020, 1381.7550333020<br data-start=\"2172\" data-end=\"2175\" \/>AAA2632370021, 1381-4550332023, 1381.4550332023<br data-start=\"2222\" data-end=\"2225\" \/>AAA2632400021, 1381-4550332024, 1381.4550332024<br data-start=\"2272\" data-end=\"2275\" \/>2910003635200, 2910003635300, 2910003635400<br data-start=\"2318\" data-end=\"2321\" \/>AAA2359680021, 1381-7550333013, 1381.7550333013<br data-start=\"2368\" data-end=\"2371\" \/>AAA2359690021, 1381-7550333014, 1381.7550333014<br data-start=\"2418\" data-end=\"2421\" \/>AAA2359710021, 1381-4550332018, 1381.4550332018<br data-start=\"2468\" data-end=\"2471\" \/>AAA2359700021, 1381-4550332019, 1381.4550332019<br data-start=\"2518\" data-end=\"2521\" \/>2910003214600, 2910003214700, 2910003214800<\/p>\n<\/li>\n<\/ul>\n<\/li>\n<\/ul>\n","protected":false},"excerpt":{"rendered":"<p><strong data-start=\"207\" data-end=\"230\">Ofici\u00e1lny VDO kup\u00f3n<\/strong> umo\u017e\u0148uje vykona\u0165 <strong data-start=\"248\" data-end=\"327\">10 softv\u00e9rov\u00fdch aktualiz\u00e1ci\u00ed tachografov DTCO 4.1 alebo 4.1a na verziu 4.1b<\/strong>.<br data-start=\"328\" data-end=\"331\" \/>Je nevyhnutn\u00fd pre splnenie najnov\u0161\u00edch po\u017eiadaviek Eur\u00f3pskej \u00fanie a pre aktiv\u00e1ciu funkcie <strong data-start=\"420\" data-end=\"429\">OSNMA<\/strong> (overenie GNSS sign\u00e1lu) a aktualiz\u00e1ciu <strong data-start=\"469\" data-end=\"481\">GNSS m\u00e1p<\/strong>.<br \/>\n<strong>Produkt je ur\u010den\u00fd pre tachografov\u00e9 dielne nie pre u\u017e\u00edvate\u013ea bez potrebn\u00e9ho technick\u00e9ho vybavenia<\/strong><\/p>\n","protected":false},"featured_media":1741,"comment_status":"open","ping_status":"closed","template":"","meta":{"site-sidebar-layout":"default","site-content-layout":"","ast-site-content-layout":"default","site-content-style":"default","site-sidebar-style":"default","ast-global-header-display":"","ast-banner-title-visibility":"","ast-main-header-display":"","ast-hfb-above-header-display":"","ast-hfb-below-header-display":"","ast-hfb-mobile-header-display":"","site-post-title":"","ast-breadcrumbs-content":"","ast-featured-img":"","footer-sml-layout":"","ast-disable-related-posts":"","theme-transparent-header-meta":"default","adv-header-id-meta":"","stick-header-meta":"","header-above-stick-meta":"","header-main-stick-meta":"","header-below-stick-meta":"","astra-migrate-meta-layouts":"set","ast-page-background-enabled":"default","ast-page-background-meta":{"desktop":{"background-color":"var(--ast-global-color-4)","background-image":"","background-repeat":"repeat","background-position":"center center","background-size":"auto","background-attachment":"scroll","background-type":"","background-media":"","overlay-type":"","overlay-color":"","overlay-opacity":"","overlay-gradient":""},"tablet":{"background-color":"","background-image":"","background-repeat":"repeat","background-position":"center center","background-size":"auto","background-attachment":"scroll","background-type":"","background-media":"","overlay-type":"","overlay-color":"","overlay-opacity":"","overlay-gradient":""},"mobile":{"background-color":"","background-image":"","background-repeat":"repeat","background-position":"center center","background-size":"auto","background-attachment":"scroll","background-type":"","background-media":"","overlay-type":"","overlay-color":"","overlay-opacity":"","overlay-gradient":""}},"ast-content-background-meta":{"desktop":{"background-color":"var(--ast-global-color-5)","background-image":"","background-repeat":"repeat","background-position":"center center","background-size":"auto","background-attachment":"scroll","background-type":"","background-media":"","overlay-type":"","overlay-color":"","overlay-opacity":"","overlay-gradient":""},"tablet":{"background-color":"var(--ast-global-color-5)","background-image":"","background-repeat":"repeat","background-position":"center center","background-size":"auto","background-attachment":"scroll","background-type":"","background-media":"","overlay-type":"","overlay-color":"","overlay-opacity":"","overlay-gradient":""},"mobile":{"background-color":"var(--ast-global-color-5)","background-image":"","background-repeat":"repeat","background-position":"center center","background-size":"auto","background-attachment":"scroll","background-type":"","background-media":"","overlay-type":"","overlay-color":"","overlay-opacity":"","overlay-gradient":""}}},"product_brand":[],"product_cat":[24,55],"product_tag":[122,123,126,124,125],"class_list":{"0":"post-1740","1":"product","2":"type-product","3":"status-publish","4":"has-post-thumbnail","6":"product_cat-tachografy","7":"product_cat-tovar-pre-dielne","8":"product_tag-aktualizacia-tachografu","9":"product_tag-dtco-update","10":"product_tag-kupon","11":"product_tag-vdo-update","12":"product_tag-voucher","13":"desktop-align-left","14":"tablet-align-left","15":"mobile-align-left","17":"first","18":"instock","19":"taxable","20":"shipping-taxable","21":"purchasable","22":"product-type-simple"},"_links":{"self":[{"href":"https:\/\/www.mototach.sk\/truckshop\/wp-json\/wp\/v2\/product\/1740","targetHints":{"allow":["GET"]}}],"collection":[{"href":"https:\/\/www.mototach.sk\/truckshop\/wp-json\/wp\/v2\/product"}],"about":[{"href":"https:\/\/www.mototach.sk\/truckshop\/wp-json\/wp\/v2\/types\/product"}],"replies":[{"embeddable":true,"href":"https:\/\/www.mototach.sk\/truckshop\/wp-json\/wp\/v2\/comments?post=1740"}],"wp:featuredmedia":[{"embeddable":true,"href":"https:\/\/www.mototach.sk\/truckshop\/wp-json\/wp\/v2\/media\/1741"}],"wp:attachment":[{"href":"https:\/\/www.mototach.sk\/truckshop\/wp-json\/wp\/v2\/media?parent=1740"}],"wp:term":[{"taxonomy":"product_brand","embeddable":true,"href":"https:\/\/www.mototach.sk\/truckshop\/wp-json\/wp\/v2\/product_brand?post=1740"},{"taxonomy":"product_cat","embeddable":true,"href":"https:\/\/www.mototach.sk\/truckshop\/wp-json\/wp\/v2\/product_cat?post=1740"},{"taxonomy":"product_tag","embeddable":true,"href":"https:\/\/www.mototach.sk\/truckshop\/wp-json\/wp\/v2\/product_tag?post=1740"}],"curies":[{"name":"wp","href":"https:\/\/api.w.org\/{rel}","templated":true}]}}