{"id":1687,"date":"2025-03-19T13:28:31","date_gmt":"2025-03-19T13:28:31","guid":{"rendered":"https:\/\/www.mototach.sk\/truckshop\/?post_type=product&#038;p=1687"},"modified":"2026-02-18T21:41:50","modified_gmt":"2026-02-18T21:41:50","slug":"dlk-pro-picence-card-aktualizacia-kluca","status":"publish","type":"product","link":"https:\/\/www.mototach.sk\/truckshop\/product\/dlk-pro-picence-card-aktualizacia-kluca\/","title":{"rendered":"DLK Pro Picence card &#8211; aktualiz\u00e1cia kl\u00fa\u010da"},"content":{"rendered":"<p><strong>DLK Pro Licence Card pre DTCO 4.0\/4.1<\/strong><\/p>\n<ul>\n<li>Jednor\u00e1zov\u00e9 pou\u017eitie na 1 k\u013e\u00fa\u010d pre s\u0165ahovacie k\u013e\u00fa\u010de <a href=\"https:\/\/www.mototach.sk\/truckshop\/product\/pristroj-na-stahovanie-tachografov-vdo\/\">VDO 1. gener\u00e1cie\u00a0<\/a>\n<p data-start=\"440\" data-end=\"459\"><strong data-start=\"440\" data-end=\"459\"><br \/>\nK\u013e\u00fa\u010dov\u00e9 v\u00fdhody:<\/strong><\/p>\n<ul data-start=\"460\" data-end=\"978\">\n<li data-start=\"460\" data-end=\"592\"><strong data-start=\"462\" data-end=\"487\">Jednoduch\u00e1 in\u0161tal\u00e1cia<\/strong>: Sta\u010d\u00ed vlo\u017ei\u0165 kartu do \u010d\u00edta\u010dky zariadenia a okam\u017eite za\u010dnete s\u0165ahova\u0165 d\u00e1ta z inteligentn\u00fdch tachografov.<\/li>\n<li data-start=\"593\" data-end=\"740\"><strong data-start=\"595\" data-end=\"627\">Kompatibilita s DTCO 4.0\/4.1<\/strong>: Karta zabezpe\u010duje, \u017ee va\u0161e zariadenie bude pripraven\u00e9 na compliance s nov\u00fdmi regul\u00e1ciami EU Mobility Package I.<\/li>\n<li data-start=\"741\" data-end=\"828\"><strong data-start=\"743\" data-end=\"765\">Z\u00e1konn\u00e1 archiv\u00e1cia<\/strong>: Umo\u017e\u0148uje jednoduch\u00e9 a z\u00e1konn\u00e9 archivovanie d\u00e1t z tachografov.<\/li>\n<li data-start=\"829\" data-end=\"978\"><strong data-start=\"831\" data-end=\"857\">Dlhodob\u00e1 kompatibilita<\/strong>: Va\u0161e zariadenie si zachov\u00e1 sp\u00e4tn\u00fa kompatibilitu, tak\u017ee aj s predch\u00e1dzaj\u00facimi verziami tachografov budete m\u00f4c\u0165 pracova\u0165.<\/li>\n<\/ul>\n<p data-start=\"980\" data-end=\"996\"><strong data-start=\"980\" data-end=\"996\">Ide\u00e1lne pre:<\/strong><\/p>\n<ul data-start=\"997\" data-end=\"1116\">\n<li data-start=\"997\" data-end=\"1113\">Pre v\u0161etk\u00fdch, ktor\u00ed pou\u017e\u00edvaj\u00fa star\u0161ie zariadenia na s\u0165ahovanie d\u00e1t a potrebuj\u00fa prechod na nov\u00e9 verzie tachografov.<\/li>\n<\/ul>\n<p data-start=\"1117\" data-end=\"1251\" data-is-last-node=\"\" data-is-only-node=\"\">Zabezpe\u010dte, aby va\u0161e zariadenie bolo pripraven\u00e9 na bud\u00facnos\u0165 inteligentn\u00fdch tachografov a vyberte si VDO DLK Pro Licence Card u\u017e dnes<\/p>\n<p>Upozornenie: Licencia nefunguje na nov\u00e9 zariadenia <a href=\"https:\/\/www.mototach.sk\/truckshop\/product\/pristro-na-stahovanie-tachografov-vdo\/\">VDO\u00a02. gen<\/a><br \/>\nTIP: To, \u010do ma dopravn\u00fd podnik (I\u010cO) povinn\u00e9 vykon\u00e1va\u0165 n\u00e1jdete v \u010dl\u00e1nku <a href=\"https:\/\/www.mototach.sk\/zodpovednost-podniku\/\">zodpovednos\u0165 podniku.<\/a> Pre viac mo\u017enost\u00ed ako vozidl\u00e1 s\u0165ahova\u0165 kontatujte <a href=\"https:\/\/www.mototach.sk\/\">centrum tachografov Mototach<\/a><\/li>\n<\/ul>\n","protected":false},"excerpt":{"rendered":"<p data-pm-slice=\"0 0 []\"><strong>DLK Pro Licence Card pre DTCO 4.0\/4.1 je <\/strong>VDO licen\u010dn\u00e1 karta je ide\u00e1lnym rie\u0161en\u00edm pre aktualiz\u00e1ciu va\u0161ich existuj\u00facich zariaden\u00ed na s\u0165ahovanie d\u00e1t, aby boli kompatibiln\u00e9 s inteligentn\u00fdmi tachografmi (DTCO 4.0\/4.1). T\u00e1to licen\u010dn\u00e1 karta umo\u017e\u0148uje bezprobl\u00e9mov\u00fd upgrade pre zariadenia ako DLK Pro Download Key, TIS-Compact a TIS-Compact EE, \u010d\u00edm sa st\u00e1vaj\u00fa plne pripraven\u00e9 na pou\u017eitie s nov\u00fdm, povinn\u00fdm typom tachografu.<\/p>\n","protected":false},"featured_media":1685,"comment_status":"closed","ping_status":"closed","template":"","meta":{"site-sidebar-layout":"default","site-content-layout":"","ast-site-content-layout":"default","site-content-style":"default","site-sidebar-style":"default","ast-global-header-display":"","ast-banner-title-visibility":"","ast-main-header-display":"","ast-hfb-above-header-display":"","ast-hfb-below-header-display":"","ast-hfb-mobile-header-display":"","site-post-title":"","ast-breadcrumbs-content":"","ast-featured-img":"","footer-sml-layout":"","ast-disable-related-posts":"","theme-transparent-header-meta":"default","adv-header-id-meta":"","stick-header-meta":"","header-above-stick-meta":"","header-main-stick-meta":"","header-below-stick-meta":"","astra-migrate-meta-layouts":"set","ast-page-background-enabled":"default","ast-page-background-meta":{"desktop":{"background-color":"var(--ast-global-color-4)","background-image":"","background-repeat":"repeat","background-position":"center center","background-size":"auto","background-attachment":"scroll","background-type":"","background-media":"","overlay-type":"","overlay-color":"","overlay-opacity":"","overlay-gradient":""},"tablet":{"background-color":"","background-image":"","background-repeat":"repeat","background-position":"center center","background-size":"auto","background-attachment":"scroll","background-type":"","background-media":"","overlay-type":"","overlay-color":"","overlay-opacity":"","overlay-gradient":""},"mobile":{"background-color":"","background-image":"","background-repeat":"repeat","background-position":"center center","background-size":"auto","background-attachment":"scroll","background-type":"","background-media":"","overlay-type":"","overlay-color":"","overlay-opacity":"","overlay-gradient":""}},"ast-content-background-meta":{"desktop":{"background-color":"var(--ast-global-color-5)","background-image":"","background-repeat":"repeat","background-position":"center center","background-size":"auto","background-attachment":"scroll","background-type":"","background-media":"","overlay-type":"","overlay-color":"","overlay-opacity":"","overlay-gradient":""},"tablet":{"background-color":"var(--ast-global-color-5)","background-image":"","background-repeat":"repeat","background-position":"center center","background-size":"auto","background-attachment":"scroll","background-type":"","background-media":"","overlay-type":"","overlay-color":"","overlay-opacity":"","overlay-gradient":""},"mobile":{"background-color":"var(--ast-global-color-5)","background-image":"","background-repeat":"repeat","background-position":"center center","background-size":"auto","background-attachment":"scroll","background-type":"","background-media":"","overlay-type":"","overlay-color":"","overlay-opacity":"","overlay-gradient":""}}},"product_brand":[],"product_cat":[82],"product_tag":[34,90,120,119,27,40,29,49,30,91],"class_list":{"0":"post-1687","1":"product","2":"type-product","3":"status-publish","4":"has-post-thumbnail","6":"product_cat-stahovanie-udajov","7":"product_tag-anglicky-tachograf","8":"product_tag-dlk-digi-pro","9":"product_tag-dlk-licencia-priestupky","10":"product_tag-dlk-pro-licence-card","11":"product_tag-dtco-vdo","12":"product_tag-gen1","13":"product_tag-gen2-smart2","14":"product_tag-siemens-vdo","15":"product_tag-stoneridge","16":"product_tag-vdo-pristroj","17":"desktop-align-left","18":"tablet-align-left","19":"mobile-align-left","21":"first","22":"instock","23":"taxable","24":"shipping-taxable","25":"purchasable","26":"product-type-simple"},"_links":{"self":[{"href":"https:\/\/www.mototach.sk\/truckshop\/wp-json\/wp\/v2\/product\/1687","targetHints":{"allow":["GET"]}}],"collection":[{"href":"https:\/\/www.mototach.sk\/truckshop\/wp-json\/wp\/v2\/product"}],"about":[{"href":"https:\/\/www.mototach.sk\/truckshop\/wp-json\/wp\/v2\/types\/product"}],"replies":[{"embeddable":true,"href":"https:\/\/www.mototach.sk\/truckshop\/wp-json\/wp\/v2\/comments?post=1687"}],"wp:featuredmedia":[{"embeddable":true,"href":"https:\/\/www.mototach.sk\/truckshop\/wp-json\/wp\/v2\/media\/1685"}],"wp:attachment":[{"href":"https:\/\/www.mototach.sk\/truckshop\/wp-json\/wp\/v2\/media?parent=1687"}],"wp:term":[{"taxonomy":"product_brand","embeddable":true,"href":"https:\/\/www.mototach.sk\/truckshop\/wp-json\/wp\/v2\/product_brand?post=1687"},{"taxonomy":"product_cat","embeddable":true,"href":"https:\/\/www.mototach.sk\/truckshop\/wp-json\/wp\/v2\/product_cat?post=1687"},{"taxonomy":"product_tag","embeddable":true,"href":"https:\/\/www.mototach.sk\/truckshop\/wp-json\/wp\/v2\/product_tag?post=1687"}],"curies":[{"name":"wp","href":"https:\/\/api.w.org\/{rel}","templated":true}]}}