{"id":1668,"date":"2025-03-10T21:58:12","date_gmt":"2025-03-10T21:58:12","guid":{"rendered":"https:\/\/www.mototach.sk\/truckshop\/?post_type=product&#038;p=1668"},"modified":"2025-12-09T20:59:38","modified_gmt":"2025-12-09T20:59:38","slug":"pristroj-na-stahovanie-tachografov-tacho5safe","status":"publish","type":"product","link":"https:\/\/www.mototach.sk\/truckshop\/product\/pristroj-na-stahovanie-tachografov-tacho5safe\/","title":{"rendered":"Pr\u00edstroj na s\u0165ahovanie tachografov TACHO5SAFE"},"content":{"rendered":"<p>Pr\u00edstroj na s\u0165ahovanie tachografov Tacho5Safe je ide\u00e1lnym rie\u0161en\u00edm pre efekt\u00edvne spravovanie d\u00e1t z digit\u00e1lnych tachografov a vodi\u010dsk\u00fdch kariet. Tento bezdr\u00f4tov\u00fd pr\u00edstroj podporuje v\u0161etky typy tachografov na trhu, vr\u00e1tane smart a G2 modelov, a umo\u017e\u0148uje jednoduch\u00fd prenos d\u00e1t cez Bluetooth. V\u010faka intuit\u00edvnemu menu a kompatibilite s mobiln\u00fdmi aplik\u00e1ciami pre Android a iOS, m\u00f4\u017eete pohodlne spravova\u0165 stiahnut\u00e9 \u00fadaje a automaticky ich uklada\u0165 do cloudu.<\/p>\n<p>Tacho5Safe je vybaven\u00fd zabudovan\u00fdm \u010d\u00edta\u010dom kariet a rozhran\u00edm pre stiahnutie d\u00e1t z tachografu. Disponuje dlhodobou v\u00fddr\u017eou bat\u00e9rie, ktor\u00e1 umo\u017e\u0148uje viac ako 400 stiahnut\u00ed na jedno nabitie, a r\u00fdchle nab\u00edjanie cez micro USB. Bezdr\u00f4tov\u00e9 pren\u00e1\u0161anie d\u00e1t je efekt\u00edvne a bezpe\u010dn\u00e9, pri\u010dom umo\u017e\u0148uje jednoduch\u00fd pr\u00edstup k anal\u00fdze stiahnut\u00fdch \u00fadajov na platforme TachoSafe WEB.<\/p>\n<p>Tento k\u013e\u00fa\u010d poskytuje mnoh\u00e9 funkcie na b\u00e1ze mesa\u010dn\u00e9ho predplatn\u00e9ho. Toto predplatn\u00e9 nie je nutn\u00e9 k z\u00e1kladn\u00e9mu pou\u017e\u00edvaniu. Pre vysvetlenie o v\u0161etk\u00fdch funkci\u00e1ch kontaktujte <a href=\"https:\/\/www.mototach.sk\/\">klientsk\u00e9 centrum tachografov Mototach.<\/a><\/p>\n<p data-start=\"0\" data-end=\"61\"><strong>Hlavn\u00e9 v\u00fdhody pr\u00edstroja na s\u0165ahovanie tachografov Tacho5Safe<\/strong>:<\/p>\n<ul data-start=\"63\" data-end=\"757\" data-is-last-node=\"\" data-is-only-node=\"\">\n<li data-start=\"63\" data-end=\"131\"><strong data-start=\"65\" data-end=\"90\">Bezdr\u00f4tov\u00e9 pripojenie<\/strong> cez Bluetooth pre jednoduch\u00fd prenos d\u00e1t pri viacer\u00fdch vozidl\u00e1ch<\/li>\n<li data-start=\"132\" data-end=\"243\"><strong data-start=\"134\" data-end=\"151\">Kompatibilita<\/strong> so v\u0161etk\u00fdmi typmi digit\u00e1lnych tachografov a vodi\u010dsk\u00fdch kariet (vr\u00e1tane smart a G2 modelov).<\/li>\n<li data-start=\"244\" data-end=\"311\"><strong data-start=\"246\" data-end=\"270\">Jednoduch\u00e9 ovl\u00e1danie<\/strong> cez mobiln\u00fa aplik\u00e1ciu pre Android a iOS.<\/li>\n<li data-start=\"312\" data-end=\"373\"><strong data-start=\"314\" data-end=\"336\">Dlh\u00e1 v\u00fddr\u017e bat\u00e9rie<\/strong> &#8211; a\u017e 400 stiahnut\u00ed na jedno nabitie.<\/li>\n<li data-start=\"374\" data-end=\"416\"><strong data-start=\"376\" data-end=\"396\">R\u00fdchle nab\u00edjanie<\/strong> cez micro USB port.<\/li>\n<li data-start=\"417\" data-end=\"491\"><strong data-start=\"419\" data-end=\"448\">Automatick\u00e9 ukladanie d\u00e1t<\/strong> do cloudu pre jednoduch\u00fa spr\u00e1vu a anal\u00fdzu.<\/li>\n<li data-start=\"492\" data-end=\"568\"><strong data-start=\"494\" data-end=\"522\">Integrovan\u00fd \u010d\u00edta\u010d kariet<\/strong> pre efekt\u00edvne stiahnutie \u00fadajov z tachografu.<\/li>\n<li data-start=\"569\" data-end=\"661\"><strong data-start=\"571\" data-end=\"606\">Bezpe\u010dn\u00fd a efekt\u00edvny prenos d\u00e1t<\/strong> medzi zariaden\u00edm a cloudovou platformou TachoSafe WEB.<\/li>\n<li data-start=\"662\" data-end=\"757\" data-is-last-node=\"\"><strong data-start=\"664\" data-end=\"713\">Vhodn\u00fd pre mal\u00e9 aj ve\u013ek\u00e9 dopravn\u00e9 spolo\u010dnosti<\/strong> pri dodr\u017eiavan\u00ed legislat\u00edvnych po\u017eiadaviek.<\/li>\n<\/ul>\n<h3 data-start=\"929\" data-end=\"955\">V\u00fdhody <strong data-start=\"940\" data-end=\"954\">Tacho5Safe \/ V\u00fdhody oproti VDO s\u0165ahovacieho k\u013e\u00fa\u010da<\/strong>:<\/h3>\n<ul data-start=\"956\" data-end=\"1260\">\n<li data-start=\"956\" data-end=\"1046\"><strong data-start=\"958\" data-end=\"979\">Bezdr\u00f4tov\u00fd prenos<\/strong> a kompatibilita s mobiln\u00fdmi aplik\u00e1ciami pre jednoduch\u00e9 pou\u017e\u00edvanie.<\/li>\n<li data-start=\"1047\" data-end=\"1119\"><strong data-start=\"1049\" data-end=\"1084\">Automatick\u00e9 ukladanie do cloudu<\/strong>, \u010do u\u013eah\u010duje spr\u00e1vu a anal\u00fdzu d\u00e1t.<\/li>\n<li data-start=\"1120\" data-end=\"1195\"><strong data-start=\"1122\" data-end=\"1146\">Intuit\u00edvne ovl\u00e1danie<\/strong> cez aplik\u00e1cie, \u010do zvy\u0161uje pohodlie a efektivitu.<\/li>\n<li data-start=\"1196\" data-end=\"1260\"><strong data-start=\"1198\" data-end=\"1220\">Dlh\u00e1 v\u00fddr\u017e bat\u00e9rie<\/strong>, ide\u00e1lne pre mobiln\u00e9 pou\u017eitie v ter\u00e9ne.<\/li>\n<\/ul>\n<p><strong>\u00a0<\/strong><\/p>\n","protected":false},"excerpt":{"rendered":"<p><strong>Pr\u00edstroj na s\u0165ahovanie tachografov<\/strong> Tacho5Safe je bezdr\u00f4tov\u00e9 zariadenie, ktor\u00e9 umo\u017e\u0148uje efekt\u00edvne a bezpe\u010dn\u00e9 s\u0165ahovanie d\u00e1t z digit\u00e1lnych tachografov a vodi\u010dsk\u00fdch kariet. Podporuje v\u0161etky typy tachografov, vr\u00e1tane smart a G2 modelov, a prenos d\u00e1t cez Bluetooth. S dlh\u0161ou v\u00fddr\u017eou bat\u00e9rie a r\u00fdchlym nab\u00edjan\u00edm cez micro USB je ide\u00e1lny pre mal\u00e9 aj ve\u013ek\u00e9 dopravn\u00e9 spolo\u010dnosti, ktor\u00e9 h\u013eadaj\u00fa spo\u013eahliv\u00e9 rie\u0161enie na spr\u00e1vu tachografov a dodr\u017eiavanie legislat\u00edvnych po\u017eiadaviek.<\/p>\n<h3 data-start=\"929\" data-end=\"955\"><strong data-start=\"940\" data-end=\"954\">V\u00fdhody oproti VDO s\u0165ahovacieho k\u013e\u00fa\u010da<\/strong>:<\/h3>\n<ul data-start=\"956\" data-end=\"1260\">\n<li data-start=\"956\" data-end=\"1046\"><strong data-start=\"958\" data-end=\"979\">Bezdr\u00f4tov\u00fd prenos<\/strong> a kompatibilita s mobiln\u00fdmi aplik\u00e1ciami pre jednoduch\u00e9 pou\u017e\u00edvanie.<\/li>\n<li data-start=\"1047\" data-end=\"1119\"><strong data-start=\"1049\" data-end=\"1084\">Automatick\u00e9 ukladanie do cloudu<\/strong>, \u010do u\u013eah\u010duje spr\u00e1vu a anal\u00fdzu d\u00e1t.<\/li>\n<li data-start=\"1120\" data-end=\"1195\"><strong data-start=\"1122\" data-end=\"1146\">Intuit\u00edvne ovl\u00e1danie<\/strong> cez aplik\u00e1cie, \u010do zvy\u0161uje pohodlie a efektivitu.<\/li>\n<li data-start=\"1196\" data-end=\"1260\"><strong data-start=\"1198\" data-end=\"1220\">Dlh\u00e1 v\u00fddr\u017e bat\u00e9rie<\/strong>, ide\u00e1lne pre mobiln\u00e9 pou\u017eitie v ter\u00e9ne.<\/li>\n<\/ul>\n","protected":false},"featured_media":1669,"comment_status":"closed","ping_status":"closed","template":"","meta":{"site-sidebar-layout":"default","site-content-layout":"","ast-site-content-layout":"default","site-content-style":"default","site-sidebar-style":"default","ast-global-header-display":"","ast-banner-title-visibility":"","ast-main-header-display":"","ast-hfb-above-header-display":"","ast-hfb-below-header-display":"","ast-hfb-mobile-header-display":"","site-post-title":"","ast-breadcrumbs-content":"","ast-featured-img":"","footer-sml-layout":"","ast-disable-related-posts":"","theme-transparent-header-meta":"default","adv-header-id-meta":"","stick-header-meta":"","header-above-stick-meta":"","header-main-stick-meta":"","header-below-stick-meta":"","astra-migrate-meta-layouts":"set","ast-page-background-enabled":"default","ast-page-background-meta":{"desktop":{"background-color":"var(--ast-global-color-4)","background-image":"","background-repeat":"repeat","background-position":"center center","background-size":"auto","background-attachment":"scroll","background-type":"","background-media":"","overlay-type":"","overlay-color":"","overlay-opacity":"","overlay-gradient":""},"tablet":{"background-color":"","background-image":"","background-repeat":"repeat","background-position":"center center","background-size":"auto","background-attachment":"scroll","background-type":"","background-media":"","overlay-type":"","overlay-color":"","overlay-opacity":"","overlay-gradient":""},"mobile":{"background-color":"","background-image":"","background-repeat":"repeat","background-position":"center center","background-size":"auto","background-attachment":"scroll","background-type":"","background-media":"","overlay-type":"","overlay-color":"","overlay-opacity":"","overlay-gradient":""}},"ast-content-background-meta":{"desktop":{"background-color":"var(--ast-global-color-5)","background-image":"","background-repeat":"repeat","background-position":"center center","background-size":"auto","background-attachment":"scroll","background-type":"","background-media":"","overlay-type":"","overlay-color":"","overlay-opacity":"","overlay-gradient":""},"tablet":{"background-color":"var(--ast-global-color-5)","background-image":"","background-repeat":"repeat","background-position":"center center","background-size":"auto","background-attachment":"scroll","background-type":"","background-media":"","overlay-type":"","overlay-color":"","overlay-opacity":"","overlay-gradient":""},"mobile":{"background-color":"var(--ast-global-color-5)","background-image":"","background-repeat":"repeat","background-position":"center center","background-size":"auto","background-attachment":"scroll","background-type":"","background-media":"","overlay-type":"","overlay-color":"","overlay-opacity":"","overlay-gradient":""}}},"product_brand":[],"product_cat":[82],"product_tag":[70,34,92,29,79,49,86],"class_list":{"0":"post-1668","1":"product","2":"type-product","3":"status-publish","4":"has-post-thumbnail","6":"product_cat-stahovanie-udajov","7":"product_tag-analogovy-tachograf","8":"product_tag-anglicky-tachograf","9":"product_tag-dlk-pro-ii","10":"product_tag-gen2-smart2","11":"product_tag-pristroj-na-stahovanie-kariet-vodicov","12":"product_tag-siemens-vdo","13":"product_tag-stahovanie-udajov","14":"desktop-align-left","15":"tablet-align-left","16":"mobile-align-left","18":"first","19":"instock","20":"sale","21":"taxable","22":"shipping-taxable","23":"purchasable","24":"product-type-simple"},"_links":{"self":[{"href":"https:\/\/www.mototach.sk\/truckshop\/wp-json\/wp\/v2\/product\/1668","targetHints":{"allow":["GET"]}}],"collection":[{"href":"https:\/\/www.mototach.sk\/truckshop\/wp-json\/wp\/v2\/product"}],"about":[{"href":"https:\/\/www.mototach.sk\/truckshop\/wp-json\/wp\/v2\/types\/product"}],"replies":[{"embeddable":true,"href":"https:\/\/www.mototach.sk\/truckshop\/wp-json\/wp\/v2\/comments?post=1668"}],"wp:featuredmedia":[{"embeddable":true,"href":"https:\/\/www.mototach.sk\/truckshop\/wp-json\/wp\/v2\/media\/1669"}],"wp:attachment":[{"href":"https:\/\/www.mototach.sk\/truckshop\/wp-json\/wp\/v2\/media?parent=1668"}],"wp:term":[{"taxonomy":"product_brand","embeddable":true,"href":"https:\/\/www.mototach.sk\/truckshop\/wp-json\/wp\/v2\/product_brand?post=1668"},{"taxonomy":"product_cat","embeddable":true,"href":"https:\/\/www.mototach.sk\/truckshop\/wp-json\/wp\/v2\/product_cat?post=1668"},{"taxonomy":"product_tag","embeddable":true,"href":"https:\/\/www.mototach.sk\/truckshop\/wp-json\/wp\/v2\/product_tag?post=1668"}],"curies":[{"name":"wp","href":"https:\/\/api.w.org\/{rel}","templated":true}]}}