{"id":1567,"date":"2024-09-30T20:33:04","date_gmt":"2024-09-30T20:33:04","guid":{"rendered":"https:\/\/www.mototach.sk\/truckshop\/?post_type=product&#038;p=1567"},"modified":"2024-12-25T22:03:08","modified_gmt":"2024-12-25T22:03:08","slug":"snimac-tachografu-kitas-vdo","status":"publish","type":"product","link":"https:\/\/www.mototach.sk\/truckshop\/product\/snimac-tachografu-kitas-vdo\/","title":{"rendered":"Sn\u00edma\u010d tachografu KITAS+ VDO"},"content":{"rendered":"<p>KITAS 4.0 (2185.20) je sn\u00edma\u010d r\u00fdchlosti pre syst\u00e9m inteligentn\u00e9ho tachografu, ktor\u00fd vyhovuje legislat\u00edve pod\u013ea vykon\u00e1vacieho nariadenia (E\u00da) 2018\/502 (pr\u00edloha 1C \/ 1C V2). V\u0161etky vozidl\u00e1 v E\u00da, ktor\u00e9 podliehaj\u00fa ustanoveniam tohto nariadenia, musia by\u0165 vybaven\u00e9 inteligentn\u00fdm tachografov\u00fdm syst\u00e9mom najnesk\u00f4r od 15. j\u00fana 2019.<\/p>\n<p>Sn\u00edma\u010d KITAS 4.0 je navy\u0161e interoperabiln\u00fd so syst\u00e9mami tachografov pod\u013ea pr\u00edlohy 1B1) nariadenia (ES) \u010d. 1266\/2009. Jeho Hallov integrovan\u00fd obvod umo\u017e\u0148uje sn\u00edma\u010du KITAS 4.0 bezkontaktn\u00e9 zaznamen\u00e1vanie r\u00fdchlosti prevodovky vozidla. Sign\u00e1ly s\u00fa n\u00e1sledne spracovan\u00e9 najnov\u0161ou gener\u00e1ciou mikroprocesorov. Okrem v\u00fdstupu sign\u00e1lu vo forme re\u00e1lneho \u010dasu je tachografu k dispoz\u00edcii aj \u0161ifrovan\u00fd d\u00e1tov\u00fd sign\u00e1l. Na tento \u00fa\u010del sa pou\u017e\u00edva nov\u00fd typ bezpe\u010dnostn\u00e9ho procesora, ktor\u00fd okrem najnov\u0161\u00edch kryptografick\u00fdch algoritmov vyu\u017e\u00edva aj pokro\u010dil\u00e9 riadenie bezpe\u010dnostn\u00fdch k\u013e\u00fa\u010dov.<\/p>\n<p>Nov\u00e1 \u00farove\u0148 detekcie neopr\u00e1vnen\u00fdch z\u00e1sahov je dosiahnut\u00e1 porovnan\u00edm dvoch sign\u00e1lov v tachografe a dodato\u010dne inovat\u00edvnym sp\u00f4sobom ex<\/p>\n<blockquote><p><strong>D\u013a\u017eku sn\u00edma\u010du merajte v\u017edy od za\u010diatku z\u00e1vitu (podlo\u017eky\/gumi\u010dky sn\u00edma\u010du) a\u017e po koniec. T\u00e1to d\u013a\u017eka je tie\u017e ozna\u010dovan\u00e1 ako L (<a href=\"https:\/\/www.mototach.sk\/truckshop\/wp-content\/uploads\/2024\/09\/Snimac-tachografu-manual.pdf\">Pozri tu<\/a>) zatia\u013e, \u010do vzdialenos\u0165 od prevodu je LR a celkov\u00e1 d\u013a\u017eka sn\u00edma\u010du je L+H &#8211; <em>Do\u0165ahova\u0165 momentnom max 40Nm<\/em><\/strong><\/p>\n<p>Technick\u00e9 inform\u00e1cie:<br \/>\nPrev\u00e1dzkov\u00e9 nap\u00e4tie UE: 6,5 V a\u017e 9 V<br \/>\nRozmery (d\u013a\u017eka v mm): 18 \/ 18,6 \/ 19,8 \/ 23,8 \/ 25 \/ 33,8 \/ 62 \/ 63,2 \/ 88,8 \/ 113,8<br \/>\nSpotreba energie: max. 15 mA<br \/>\nVarianty: Rozde\u013eova\u010d vstupn\u00e9ho sign\u00e1lu \/ Optimalizovan\u00e9 extern\u00e9 pole<br \/>\nPrev\u00e1dzkov\u00e1 teplota: \u221240 \u00b0C a\u017e +145 \u00b0C alebo +120 \u00b0C<br \/>\nHmotnos\u0165: ADR (T4)<br \/>\nV\u0161eobecn\u00e9 obmedzenie teploty: max. +120 \u00b0C a\u017e +145 \u00b0C<br \/>\nOdolnos\u0165 vo\u010di vibr\u00e1ci\u00e1m pre ATEX aplik\u00e1cie: 6 250 h<br \/>\nSkladovacia teplota: \u221240 \u00b0C a\u017e +120 \u00b0C<br \/>\nStabilita vo\u010di n\u00e1razom: 1 000 g<br \/>\n(Pin 3) v\u00fdstupn\u00fd sign\u00e1l: Sign\u00e1l v re\u00e1lnom \u010dase<br \/>\n10 Hz a\u017e 3,5 kHz, 228 m\/s\u00b2 (max)<br \/>\n(Pin 3) form\u00e1t sign\u00e1lu: Obd\u013a\u017enikov\u00fd<br \/>\nRozhranie ozubenia: Z\u00e1vit M18 \u00d7 1.5<br \/>\n(Pin 3) v\u00fdstupn\u00e1 \u00farove\u0148: 0,8 mm a\u017e 2,0 mm<br \/>\nTesnenie: prostredn\u00edctvom O-kr\u00fa\u017eku<br \/>\n&lt; 5 mT<br \/>\nFrekven\u010dn\u00fd rozsah (Pin 4): D\u00e1tov\u00fd sign\u00e1l<br \/>\nUL max = 0,8 V (pri I = 250 \u00b5A)<br \/>\nUH min = UE \u22121,5 V (pri I = \u2212150 \u00b5A)<br \/>\n1 Hz a\u017e 2 000 Hz (1:1 deli\u010d)<br \/>\n1 Hz a\u017e 500 Hz (4:1 deli\u010d)<br \/>\nObojsmern\u00e9 rozhranie pod\u013ea ISO 16844-3 s roz\u0161\u00edreniami<br \/>\nExtern\u00e9 magnetick\u00e9 pole<br \/>\n\u0160tandardn\u00fd konektor senzora: pod\u013ea ISO 15170-1<br \/>\nKryt: Eloxovan\u00fd hlin\u00edk<br \/>\n(Pin 4) d\u00e1tov\u00e1 \u00farove\u0148:<br \/>\nUlow out = 1,0 V (pri I = 1 mA)<br \/>\nUHigh out = 5,4 V (pri I = \u221220 \u00b5A)<br \/>\nUlow in = 1,2 V (pri I = \u22121 mA)<br \/>\nUHigh in = 5,2 V (pri I = \u22120,5 mA)<br \/>\nV\u00fdboj vzduchom: \u00b115 kV<br \/>\nDotykov\u00fd v\u00fdboj: \u00b18 kV<br \/>\n32 V na 1 min pri 25 \u00b0C<br \/>\nISO 7637 \/ CISPR 25 \/ ISO 11452<br \/>\nTrieda ochrany: ISO 20653:2013 IP6K7 + IP6K9K s pripojen\u00fdm zv\u00e4zkom<br \/>\nBezpe\u010dnostn\u00e1 pe\u010da\u0165 pod\u013ea IPX9K s obmedzeniami<br \/>\n<strong>Fix\u00e1cia momentom: Max. 40 Nm<br \/>\n<\/strong><\/p><\/blockquote>\n","protected":false},"excerpt":{"rendered":"<p><strong>V\u0161eobecn\u00e9 vlastnosti<\/strong><\/p>\n<p>\u2022 Pr\u00e1vny z\u00e1klad: (E\u00da) 2018\/502 (pr\u00edloha 1C \/ 1C V2) a (E\u00da) 165\/2014<\/p>\n<p>\u2022 Certifik\u00e1cia Common Criteria: EAL4+ s roz\u0161\u00edren\u00edm o ATE_DPT.2 a AVA_VAN.5<\/p>\n<p>\u2022 Interoperabiln\u00e9 so syst\u00e9mami tachografov pod\u013ea (ES) 1266\/2009<\/p>\n<p>\u2022 Schv\u00e1lenie EMC pod\u013ea UN ECE R10 Rev.06<\/p>\n<p>\u2022 Smernica REACH EG 1907\/2006<\/p>\n<p>\u2022 Smernica o ukon\u010den\u00ed \u017eivotn\u00e9ho cyklu 2000\/53\/ES a jej dodatky<\/p>\n<p>\u2022 UKCA certifik\u00e1cia EMA21UKEX0030X<\/p>\n<p>\u2022 Sn\u00edma\u010d nie je navrhnut\u00fd pod\u013ea ISO 26262 (Cestn\u00e9 vozidl\u00e1 &#8211; Funk\u010dn\u00e1 bezpe\u010dnos\u0165)<\/p>\n<p>\u2022 Komplexn\u00fd bezpe\u010dnostn\u00fd koncept pre detekciu neopr\u00e1vnen\u00fdch z\u00e1sahov<\/p>\n<p>\u2022 Bezpe\u010dnostn\u00fd procesor najnov\u0161ej gener\u00e1cie s roz\u0161\u00edren\u00fdm riaden\u00edm kryptografick\u00fdch k\u013e\u00fa\u010dov<\/p>\n<p>\u2022 Bezkontaktn\u00e1 met\u00f3da merania pomocou Hallovho integrovan\u00e9ho obvodu<\/p>\n<p>\u2022 Zber a spracovanie sign\u00e1lov na b\u00e1ze mikrokontrol\u00e9ra s detekciou vonkaj\u0161\u00edch pol\u00ed<\/p>\n<p>\u2022 Inteligentn\u00fd syst\u00e9m riadenia spotreby energie<\/p>\n<p>\u2022 Mo\u017eno integrova\u0165 do prevodoviek vozidiel v kombin\u00e1cii so spa\u013eovac\u00edm motorom alebo elektromotorom<\/p>\n<p>\u2022 Tesnenie na prevodovku s integrovan\u00fdm O-kr\u00fa\u017ekov\u00fdm tesnen\u00edm<\/p>\n<p>\u2022 Rozhranie pod\u013ea ISO 16844-3 s roz\u0161\u00edrenou sadou pr\u00edkazov<\/p>\n<p>\u2022 Volite\u013en\u00e9 utesnenie konektora\/puzdra<\/p>\n<p>\u2022 \u0160tandardn\u00fd konektor pod\u013ea ISO 15170-1<\/p>\n<p>\u2022 Pripraven\u00fd aj pre najnov\u0161ie gener\u00e1cie tachografov<\/p>\n<p><strong>D\u013a\u017eku sn\u00edma\u010du merajte od za\u010diatku z\u00e1vitu po koniec<\/strong><\/p>\n","protected":false},"featured_media":1583,"comment_status":"closed","ping_status":"closed","template":"","meta":{"site-sidebar-layout":"default","site-content-layout":"","ast-site-content-layout":"default","site-content-style":"default","site-sidebar-style":"default","ast-global-header-display":"","ast-banner-title-visibility":"","ast-main-header-display":"","ast-hfb-above-header-display":"","ast-hfb-below-header-display":"","ast-hfb-mobile-header-display":"","site-post-title":"","ast-breadcrumbs-content":"","ast-featured-img":"","footer-sml-layout":"","ast-disable-related-posts":"","theme-transparent-header-meta":"default","adv-header-id-meta":"","stick-header-meta":"","header-above-stick-meta":"","header-main-stick-meta":"","header-below-stick-meta":"","astra-migrate-meta-layouts":"set","ast-page-background-enabled":"default","ast-page-background-meta":{"desktop":{"background-color":"var(--ast-global-color-4)","background-image":"","background-repeat":"repeat","background-position":"center center","background-size":"auto","background-attachment":"scroll","background-type":"","background-media":"","overlay-type":"","overlay-color":"","overlay-opacity":"","overlay-gradient":""},"tablet":{"background-color":"","background-image":"","background-repeat":"repeat","background-position":"center center","background-size":"auto","background-attachment":"scroll","background-type":"","background-media":"","overlay-type":"","overlay-color":"","overlay-opacity":"","overlay-gradient":""},"mobile":{"background-color":"","background-image":"","background-repeat":"repeat","background-position":"center center","background-size":"auto","background-attachment":"scroll","background-type":"","background-media":"","overlay-type":"","overlay-color":"","overlay-opacity":"","overlay-gradient":""}},"ast-content-background-meta":{"desktop":{"background-color":"var(--ast-global-color-5)","background-image":"","background-repeat":"repeat","background-position":"center center","background-size":"auto","background-attachment":"scroll","background-type":"","background-media":"","overlay-type":"","overlay-color":"","overlay-opacity":"","overlay-gradient":""},"tablet":{"background-color":"var(--ast-global-color-5)","background-image":"","background-repeat":"repeat","background-position":"center center","background-size":"auto","background-attachment":"scroll","background-type":"","background-media":"","overlay-type":"","overlay-color":"","overlay-opacity":"","overlay-gradient":""},"mobile":{"background-color":"var(--ast-global-color-5)","background-image":"","background-repeat":"repeat","background-position":"center center","background-size":"auto","background-attachment":"scroll","background-type":"","background-media":"","overlay-type":"","overlay-color":"","overlay-opacity":"","overlay-gradient":""}}},"product_brand":[],"product_cat":[54],"product_tag":[112,111,114,115,117,113,118,116,34,105,106,110,107,30,109,25,108,28],"class_list":{"0":"post-1567","1":"product","2":"type-product","3":"status-publish","4":"has-post-thumbnail","6":"product_cat-prislusensto-k-tachografu","7":"product_tag-112","8":"product_tag-18mm","9":"product_tag-25mm","10":"product_tag-115","11":"product_tag-62mm","12":"product_tag-6mm","13":"product_tag-118","14":"product_tag-8mm","15":"product_tag-anglicky-tachograf","16":"product_tag-kitas","17":"product_tag-kitas2","18":"product_tag-snimac-na-prevodovke","19":"product_tag-snimac-tachografu","20":"product_tag-stoneridge","21":"product_tag-tacho-snimac","22":"product_tag-tachograf","23":"product_tag-tachografovy-snimac","24":"product_tag-vdo","25":"desktop-align-left","26":"tablet-align-left","27":"mobile-align-left","29":"first","30":"instock","31":"taxable","32":"shipping-taxable","33":"purchasable","34":"product-type-variable"},"_links":{"self":[{"href":"https:\/\/www.mototach.sk\/truckshop\/wp-json\/wp\/v2\/product\/1567","targetHints":{"allow":["GET"]}}],"collection":[{"href":"https:\/\/www.mototach.sk\/truckshop\/wp-json\/wp\/v2\/product"}],"about":[{"href":"https:\/\/www.mototach.sk\/truckshop\/wp-json\/wp\/v2\/types\/product"}],"replies":[{"embeddable":true,"href":"https:\/\/www.mototach.sk\/truckshop\/wp-json\/wp\/v2\/comments?post=1567"}],"wp:featuredmedia":[{"embeddable":true,"href":"https:\/\/www.mototach.sk\/truckshop\/wp-json\/wp\/v2\/media\/1583"}],"wp:attachment":[{"href":"https:\/\/www.mototach.sk\/truckshop\/wp-json\/wp\/v2\/media?parent=1567"}],"wp:term":[{"taxonomy":"product_brand","embeddable":true,"href":"https:\/\/www.mototach.sk\/truckshop\/wp-json\/wp\/v2\/product_brand?post=1567"},{"taxonomy":"product_cat","embeddable":true,"href":"https:\/\/www.mototach.sk\/truckshop\/wp-json\/wp\/v2\/product_cat?post=1567"},{"taxonomy":"product_tag","embeddable":true,"href":"https:\/\/www.mototach.sk\/truckshop\/wp-json\/wp\/v2\/product_tag?post=1567"}],"curies":[{"name":"wp","href":"https:\/\/api.w.org\/{rel}","templated":true}]}}