{"id":1430,"date":"2024-08-15T21:24:51","date_gmt":"2024-08-15T21:24:51","guid":{"rendered":"https:\/\/www.mototach.sk\/truckshop\/?post_type=product&#038;p=1430"},"modified":"2025-12-09T21:08:15","modified_gmt":"2025-12-09T21:08:15","slug":"kluc-vdo-a-program-vdo-fleet-start-kit","status":"publish","type":"product","link":"https:\/\/www.mototach.sk\/truckshop\/product\/kluc-vdo-a-program-vdo-fleet-start-kit\/","title":{"rendered":"K\u013e\u00fa\u010d VDO a program VDO Fleet Start KIT"},"content":{"rendered":"<p>vT\u00e1to kombin\u00e1cia je nov\u0161ia, silnej\u0161ia a \u0161t\u00edhlej\u0161ia ako jej predchodca. S k\u013e\u00fa\u010dom DLK Smart Download Key sa teraz \u00fadaje z tachografu jednoducho pren\u00e1\u0161aj\u00fa cez USB alebo automaticky cez rozhranie Bluetooth do \u010doskoro dostupnej aplik\u00e1cie VDO Fleet a do dashboardu VDO Fleet. Mana\u017e\u00e9ri vozov\u00e9ho parku teraz m\u00f4\u017eu jednoducho, r\u00fdchlo a efekt\u00edvne splni\u0165 v\u0161etky po\u017eiadavky na dodr\u017eiavanie s\u00faladu. Vst\u00fapte do bud\u00facnosti digit\u00e1lneho riadenia vozov\u00e9ho parku.<\/p>\n<p><strong>V balen\u00ed sa nach\u00e1dza<\/strong><\/p>\n<ul>\n<li>K\u013e\u00fa\u010d inteligentn\u00e9ho s\u0165ahovania VDO DLK<\/li>\n<li>Softv\u00e9r pre konfigur\u00e1ciu k\u013e\u00fa\u010dov<\/li>\n<li>Vizualiz\u00e1cia a archiv\u00e1cia d\u00e1t na k\u013e\u00fa\u010di<\/li>\n<li>Predl\u017eovac\u00ed k\u00e1bel USB<\/li>\n<li>Bro\u017e\u00fara r\u00fdchleho \u0161tartu (vytla\u010den\u00e1)<\/li>\n<li>N\u00e1vod na pou\u017eitie (digit\u00e1lny na k\u013e\u00fa\u010di)<\/li>\n<li>Popruh na z\u00e1p\u00e4stie<\/li>\n<\/ul>\n<p><strong>Po\u017eiadavky na syst\u00e9m<br \/>\n<\/strong><\/p>\n<ul>\n<li>Windows 11\/10\/Server 2022, ka\u017ed\u00fd s najnov\u0161\u00edm bal\u00edkom Service Pack<\/li>\n<li>Bezplatn\u00e9 pripojenie USB-A alebo rozhranie Bluetooth BLE<\/li>\n<li>Prehliada\u010dov\u00e1 aplik\u00e1cia, \u010d\u00edta\u010dka s\u00faborov PDF<\/li>\n<\/ul>\n<p><strong>\u00a0<\/strong><\/p>\n<p><strong>VDO Fleet<\/strong> je modern\u00e9 a profesion\u00e1lne rie\u0161enie k archiv\u00e1cii a vyhodnocovaniu \u00fadajov z digit\u00e1lnych tachografov, inteligentn\u00fdch tachografov a kariet vodi\u010dov na platforme webovej slu\u017eby, ktor\u00e9 si na\u0161lo svoje \u0161irok\u00e9 uplatnenie v celej Eur\u00f3pe vr\u00e1tane Slovenska.<\/p>\n<p>Verzia <strong>START<\/strong> je \u0161tartovac\u00ed bal\u00edk na <strong>6 mesiacov do 50 vozidiel<\/strong> s jednorazov\u00fdm poplatkom.<\/p>\n<h3>VDO FLEET je pripraven\u00fd aj pre gener\u00e1ciu inteligentn\u00fdch tachografov verzie 2<\/h3>\n<p><strong>VDO FLEET<\/strong> plne podporuje s\u00fabory z tachografov a kariet vodi\u010dov pod\u013ea pr\u00edlohy 1B a 1C (GEN1 \/ GEN2). Prisp\u00f4sobite\u013en\u00e9 <strong>WIDGETY<\/strong> (tzv. preh\u013eady na \u00favodnom panely programu) s\u00fa ur\u010den\u00e9 pre v\u0161etky d\u00f4le\u017eit\u00e9 inform\u00e1cie na jednom mieste. Ide o zobrazenie poru\u0161en\u00ed, pripomienok k s\u0165ahovaniu, o ch\u00fdbaj\u00facich \u00fadajoch arch\u00edvu, priestupkoch a udalost\u00ed. Pr\u00edpadn\u00e9 probl\u00e9my je mo\u017en\u00e9 ihne\u010f operat\u00edvne sledova\u0165 a rie\u0161i\u0165. Pri udalostiach alebo poruch\u00e1ch tachografu alebo karty vodi\u010da je mo\u017en\u00e9 podnikn\u00fa\u0165 okam\u017eit\u00e9 kroky na n\u00e1pravu. Upozornenia V\u00e1s nepretr\u017eite informuj\u00fa o ak\u00fdchko\u013evek probl\u00e9moch, ako napr. na stiahnutie, na ch\u00fdbaj\u00face arch\u00edvne \u00fadaje, na chybov\u00e9 hl\u00e1senia tachografu, na jazdu bez vlo\u017eenej karty vodi\u010da, na jazdu bez zadania krajiny v\u00fdjazdu a pr\u00edjazdu, na ch\u00fdbaj\u00face manu\u00e1lne zadania dodatkov, na neregistrovan\u00e9 karty vodi\u010da, at\u010f. To umo\u017e\u0148uje podnikn\u00fa\u0165 okam\u017eit\u00e9 kroky na rie\u0161enie probl\u00e9mu ktor\u00fd nastal a v bud\u00facnosti by mohol by\u0165 d\u00f4vodom sankcii zo strany org\u00e1nov \u0161t\u00e1tnej spr\u00e1vy.<\/p>\n<h3>Archiv\u00e1cia \u00fadajov vo VDO FLEET, preh\u013ead a spravovanie arch\u00edvu vr\u00e1tane ch\u00fdbaj\u00facich z\u00e1znamov<\/h3>\n<p>Nekompletnos\u0165 \u00fadajov z tachografov a kariet vodi\u010dov m\u00f4\u017ee ma\u0165 za n\u00e1sledok vysok\u00e9 sankcie zo strany org\u00e1nov \u0161t\u00e1tnej spr\u00e1vy. Kontrola \u00faplnosti \u00fadajov je preto ve\u013emi d\u00f4le\u017eit\u00e1. V\u010faka preh\u013eadu a viacfarebn\u00e9mu ozna\u010deniu je okam\u017eite jasn\u00e9, \u010di s\u00fa \u00fadaje v poriadku. Kliknut\u00edm na preh\u013eady je priamy pr\u00edstup aj k podrobnostiam t\u00fdchto \u00fadajov. Pokia\u013e je po\u017eiadavka dost\u00e1va\u0165 preh\u013eady pravidelne do prednastaven\u00e9ho emailu, tak emailov\u00fd automat automaticky vygeneruje a odo\u0161le v nastaven\u00fdch intervaloch spr\u00e1vy s potrebn\u00fdmi \u00fadajmi vo form\u00e1te pdf alebo csv. Program <strong>VDO FLEET<\/strong> garantuje spr\u00e1vne archivovania a anal\u00fdzu \u00fadajov z tachografov a kariet vodi\u010dov. Je pripraven\u00fd u\u017e aj pre bud\u00face <strong>ITS<\/strong> funkcie (Inteligentn\u00e9 dopravn\u00e9 syst\u00e9my), kabot\u00e1\u017ene prepravy a pre \u010fal\u0161iu integr\u00e1ciu tachografov do bud\u00facich syst\u00e9mov. Program <strong>VDO FLEET<\/strong> pon\u00faka istotu, \u017ee d\u00e1ta bud\u00fa spr\u00e1vne analyzovan\u00e9, archivovan\u00e9 a chr\u00e1nen\u00e9.<\/p>\n<p><strong>POMOC<\/strong>: Pre spr\u00e1vny v\u00fdber vhodn\u00e9ho s\u0165ahovacie syst\u00e9mu kontakujte centrum tachografov <a href=\"https:\/\/www.mototach.sk\">Mototach<\/a><\/p>\n","protected":false},"excerpt":{"rendered":"<p><strong>VDO FLEET \u00a0+ DLK PRO S<\/strong> je \u0161tartovac\u00ed kit pripraven\u00fd aj pre gener\u00e1ciu inteligentn\u00fdch tachografov. Je to ide\u00e1lne rie\u0161enie pre za\u010d\u00ednaj\u00faci podnik alebo mal\u00fd podnik po ve\u013akej kontrole, ktor\u00fd sa rozhodol zobra\u0165 s\u0165ahovanie \u00fadajov do vlastn\u00fdch r\u00fak. <strong> Verzia START je \u0161tartovac\u00ed bal\u00edk na 6 mesiacov do 50 vozidiel s jednorazov\u00fdm poplatkom.<\/strong><\/p>\n<h3>Hlavn\u00e9 funkcie a v\u00fdhody webovej slu\u017eby VDO FLEET:<\/h3>\n<ul>\n<li>Automatick\u00e1 kontrola dodr\u017eiavania soci\u00e1lnej legislat\u00edvy (priestupkov)<\/li>\n<li>Grafick\u00e9 zobrazenie a textov\u00e9 vyhodnoten\u00fdch priestupkov<\/li>\n<li>Hl\u00e1senie priestupkov pre vodi\u010dov vo forme tla\u010diva, ako to predpisuje legislat\u00edva<\/li>\n<li>Automatick\u00e9 vyhodnotenie \u00fadajov z kariet vodi\u010dov a tachografov vr\u00e1tane prejden\u00fdch km<\/li>\n<li>Automatick\u00e9 vyhodnotenie pracovn\u00e9ho \u010dasu a pr\u00e1ce dennej\/no\u010dnej\/v \u010dase dn\u00ed pracovn\u00e9ho vo\u013ena<\/li>\n<li>Automatick\u00e9 upozornenie na potrebu s\u0165ahovania \u00fadajov z tachografov a kariet vodi\u010dov<\/li>\n<li>Cena programu nastaven\u00e1 na po\u010det vozidiel (k vozidlu je priraden\u00fdch max 5 vodi\u010dov)<\/li>\n<li>Mo\u017enos\u0165 nastavenia intervalu importu \u00fadajov na 1x t\u00fd\u017edenne z karty vodi\u010da a 1x mesa\u010dne z tachografu (potrebn\u00e9 konzultova\u0165 s dod\u00e1vate\u013eom)<\/li>\n<li>Mo\u017enos\u0165 automatick\u00e9ho generovania tla\u010dov\u00fdch v\u00fdstupov<\/li>\n<li>Mo\u017enos\u0165 automatick\u00e9ho zasielania tla\u010dov\u00fdch v\u00fdstupov do emailu u\u017e\u00edvate\u013ea<\/li>\n<li>Mo\u017enos\u0165 automatick\u00e9ho importu \u00fadajov z tachografov a kariet vodi\u010dov stiahnut\u00fdch VDO Smart Termin\u00e1lom a RDD zariaden\u00edm cez mobiln\u00fa d\u00e1tov\u00fa GSM sie\u0165<\/li>\n<li>Automatick\u00e1 aktualiz\u00e1cia bez potreby z\u00e1sahu obsluhy a bez \u010fal\u0161\u00edch poplatkov<\/li>\n<li>Mo\u017enos\u0165 stiahnutia a importu \u00fadajov z kariet vodi\u010dov stiahnut\u00fdch cez \u010d\u00edta\u010dkou kariet<\/li>\n<li>Mo\u017enos\u0165 stiahnutia a importu \u00fadajov z tachografov stiahnut\u00fdch d\u00e1tov\u00fdm k\u013e\u00fa\u010dom DLK Pro Smart<\/li>\n<li>Automatick\u00e1 implement\u00e1cia legislat\u00edvnych zmien t\u00fdkaj\u00facich sa tachografov a vodi\u010dov<\/li>\n<li>Mo\u017enos\u0165 pr\u00e1ce s programom z ak\u00e9hoko\u013evek po\u010d\u00edta\u010da v internetovej sieti<\/li>\n<li>Lokaliz\u00e1cia v Slovenskom jazyku a priebe\u017ene nov\u00fdch funkci\u00ed<\/li>\n<li>U\u017e\u00edvate\u013esky intuit\u00edvna obsluha a preh\u013eady v tabu\u013ekovej a grafickej forme<\/li>\n<li>Mo\u017enos\u0165 prepojenia s programami tret\u00edch str\u00e1n (na dopyt)<\/li>\n<\/ul>\n","protected":false},"featured_media":1431,"comment_status":"closed","ping_status":"closed","template":"","meta":{"site-sidebar-layout":"default","site-content-layout":"","ast-site-content-layout":"default","site-content-style":"default","site-sidebar-style":"default","ast-global-header-display":"","ast-banner-title-visibility":"","ast-main-header-display":"","ast-hfb-above-header-display":"","ast-hfb-below-header-display":"","ast-hfb-mobile-header-display":"","site-post-title":"","ast-breadcrumbs-content":"","ast-featured-img":"","footer-sml-layout":"","ast-disable-related-posts":"","theme-transparent-header-meta":"default","adv-header-id-meta":"","stick-header-meta":"","header-above-stick-meta":"","header-main-stick-meta":"","header-below-stick-meta":"","astra-migrate-meta-layouts":"set","ast-page-background-enabled":"default","ast-page-background-meta":{"desktop":{"background-color":"var(--ast-global-color-4)","background-image":"","background-repeat":"repeat","background-position":"center center","background-size":"auto","background-attachment":"scroll","background-type":"","background-media":"","overlay-type":"","overlay-color":"","overlay-opacity":"","overlay-gradient":""},"tablet":{"background-color":"","background-image":"","background-repeat":"repeat","background-position":"center center","background-size":"auto","background-attachment":"scroll","background-type":"","background-media":"","overlay-type":"","overlay-color":"","overlay-opacity":"","overlay-gradient":""},"mobile":{"background-color":"","background-image":"","background-repeat":"repeat","background-position":"center center","background-size":"auto","background-attachment":"scroll","background-type":"","background-media":"","overlay-type":"","overlay-color":"","overlay-opacity":"","overlay-gradient":""}},"ast-content-background-meta":{"desktop":{"background-color":"var(--ast-global-color-5)","background-image":"","background-repeat":"repeat","background-position":"center center","background-size":"auto","background-attachment":"scroll","background-type":"","background-media":"","overlay-type":"","overlay-color":"","overlay-opacity":"","overlay-gradient":""},"tablet":{"background-color":"var(--ast-global-color-5)","background-image":"","background-repeat":"repeat","background-position":"center center","background-size":"auto","background-attachment":"scroll","background-type":"","background-media":"","overlay-type":"","overlay-color":"","overlay-opacity":"","overlay-gradient":""},"mobile":{"background-color":"var(--ast-global-color-5)","background-image":"","background-repeat":"repeat","background-position":"center center","background-size":"auto","background-attachment":"scroll","background-type":"","background-media":"","overlay-type":"","overlay-color":"","overlay-opacity":"","overlay-gradient":""}}},"product_brand":[],"product_cat":[82],"product_tag":[34,78,27,29,95,94,30,25,35],"class_list":{"0":"post-1430","1":"product","2":"type-product","3":"status-publish","4":"has-post-thumbnail","6":"product_cat-stahovanie-udajov","7":"product_tag-anglicky-tachograf","8":"product_tag-citacka","9":"product_tag-dtco-vdo","10":"product_tag-gen2-smart2","11":"product_tag-program-na-stahovanie-karet-vodicov","12":"product_tag-program-na-stahovanie-udajov","13":"product_tag-stoneridge","14":"product_tag-tachograf","15":"product_tag-tachografn-gen2-smart1","16":"desktop-align-left","17":"tablet-align-left","18":"mobile-align-left","20":"first","21":"instock","22":"taxable","23":"shipping-taxable","24":"purchasable","25":"product-type-simple"},"_links":{"self":[{"href":"https:\/\/www.mototach.sk\/truckshop\/wp-json\/wp\/v2\/product\/1430","targetHints":{"allow":["GET"]}}],"collection":[{"href":"https:\/\/www.mototach.sk\/truckshop\/wp-json\/wp\/v2\/product"}],"about":[{"href":"https:\/\/www.mototach.sk\/truckshop\/wp-json\/wp\/v2\/types\/product"}],"replies":[{"embeddable":true,"href":"https:\/\/www.mototach.sk\/truckshop\/wp-json\/wp\/v2\/comments?post=1430"}],"wp:featuredmedia":[{"embeddable":true,"href":"https:\/\/www.mototach.sk\/truckshop\/wp-json\/wp\/v2\/media\/1431"}],"wp:attachment":[{"href":"https:\/\/www.mototach.sk\/truckshop\/wp-json\/wp\/v2\/media?parent=1430"}],"wp:term":[{"taxonomy":"product_brand","embeddable":true,"href":"https:\/\/www.mototach.sk\/truckshop\/wp-json\/wp\/v2\/product_brand?post=1430"},{"taxonomy":"product_cat","embeddable":true,"href":"https:\/\/www.mototach.sk\/truckshop\/wp-json\/wp\/v2\/product_cat?post=1430"},{"taxonomy":"product_tag","embeddable":true,"href":"https:\/\/www.mototach.sk\/truckshop\/wp-json\/wp\/v2\/product_tag?post=1430"}],"curies":[{"name":"wp","href":"https:\/\/api.w.org\/{rel}","templated":true}]}}