{"id":1423,"date":"2024-08-15T20:59:21","date_gmt":"2024-08-15T20:59:21","guid":{"rendered":"https:\/\/www.mototach.sk\/truckshop\/?post_type=product&#038;p=1423"},"modified":"2025-12-09T21:11:42","modified_gmt":"2025-12-09T21:11:42","slug":"cartracker-software-na-stahovanie-udajov","status":"publish","type":"product","link":"https:\/\/www.mototach.sk\/truckshop\/product\/cartracker-software-na-stahovanie-udajov\/","title":{"rendered":"Cartracker &#8211; Software na s\u0165ahovanie \u00fadajov"},"content":{"rendered":"<div class=\"page\" title=\"Page 6\">\n<div class=\"layoutArea\">\n<div class=\"column\">\n<p><strong>CarTracker je programovany\u0301 v Borland Delphi<\/strong><br \/>\n\uf0c9 Preto ho moz\u030cnost\u030c pouz\u030cit\u030c na Windows 2000, ale aj na Win7 \/ 8.<br \/>\n\uf0d2 Nepouz\u030ci\u0301va z\u030ciadnu databa\u0301zu<br \/>\n\uf0c9 U\u0301daje sa ukladaju\u0301 do obyc\u030cajny\u0301ch staticky\u0301ch su\u0301borov, ktory\u0301ch forma\u0301t predpisuje nariadenie EU a ktore\u0301 su\u0301 na\u0301hradou za tachokru\u0301z\u030cky.<br \/>\n\uf0c9 Uloz\u030cene\u0301 staticke\u0301 su\u0301bory mo\u0302z\u030ce kaz\u030cdy\u0301 uz\u030ci\u0301vatel\u030c jednoducho kopi\u0301rovat\u030c, premiestn\u030covat\u030c pric\u030com nepotrebuje z\u030ciadne s\u030cpecia\u0301lne na\u0301stroje.<br \/>\n\uf0d2 Vyhodnotene\u0301 u\u0301daje vz\u030cdy zodpovedaju\u0301 uloz\u030ceny\u0301m su\u0301borom<br \/>\n\uf0c9 Mo\u0302z\u030cete si byt\u030c isty\u0301, z\u030ce vyhodnotene\u0301 u\u0301daje su\u0301 take\u0301 iste\u0301 ako obsah uloz\u030ceny\u0301ch staticky\u0301ch su\u0301borov a mo\u0302z\u030cete ich bez oba\u0301v poslat\u030c kontrole IP ak o to poz\u030ciada.<\/p>\n<p><strong>INFO<\/strong>: Cartrackom je id\u00e9\u00e1lnym rie\u0161en\u00edm pre \u0161pecifick\u00e9 potreby dopravn\u00e9ho podniku alebo jednotlivca. Konzultovanie potrieb alebo pr\u00edpadn\u00e9 \u0161kolenie vybav\u00edte v <a href=\"https:\/\/www.mototach.sk\">Mototach.<\/a><\/p>\n<\/div>\n<\/div>\n<\/div>\n","protected":false},"excerpt":{"rendered":"<p>Program CarTracker TachoTEK je lok\u00e1lne softwarov\u00e9 rie\u0161enie na spr\u00e1vu \u00fadajov z kariet vodi\u010dov a z digit\u00e1lneho tachografu. Pre jeho v\u00fdkonnos\u0165 a jednoduch\u00fa obsluhu je tento program jedine\u010dn\u00fdm rie\u0161en\u00edm pre vodi\u010dov a pracovn\u00edkov dopravn\u00fdch firiem.<\/p>\n<p>Najnov\u0161ia verzia je pokra\u010dovate\u013eom doteraj\u0161ej \u00faspe\u0161nej s\u00e9rie programov od TDCS spol. s r.o., ktor\u00fd za\u010dal verziou Tachograph Driver Card software 1.4, pokra\u010doval verziou 2.0.1 s n\u00e1zvom Driver Card Software a kon\u010dil naj\u00faspe\u0161nej\u0161ou verziou TDCS 3.<\/p>\n<p>S oh\u013eadom na n\u00e1stup opera\u010dn\u00e9ho syst\u00e9mu Windows 10, sme prepracovali doteraj\u0161\u00ed software tak, aby mohol by\u0165 bezprobl\u00e9movo nasaden\u00ed na tento OS. Okrem toho pri koncipovan\u00ed nov\u00e9 programu CarTracker TachoTEK sme vytvorili funk\u010dn\u00e9 a cenov\u00e9 alternat\u00edvy, aby vyhovovali mal\u00fdm aj ve\u013ek\u00fdm dopravcom.<\/p>\n<p>Podporovan\u00e9 jazyky: bulhar\u010dina, \u010de\u0161tina, nem\u010dina, angli\u010dtina, \u0161paniel\u010dina, chorv\u00e1t\u010dina, ma\u010far\u010dina, po\u013e\u0161tina, slovin\u010dina, ture\u010dtina<\/p>\n","protected":false},"featured_media":1424,"comment_status":"open","ping_status":"closed","template":"","meta":{"site-sidebar-layout":"default","site-content-layout":"","ast-site-content-layout":"default","site-content-style":"default","site-sidebar-style":"default","ast-global-header-display":"","ast-banner-title-visibility":"","ast-main-header-display":"","ast-hfb-above-header-display":"","ast-hfb-below-header-display":"","ast-hfb-mobile-header-display":"","site-post-title":"","ast-breadcrumbs-content":"","ast-featured-img":"","footer-sml-layout":"","ast-disable-related-posts":"","theme-transparent-header-meta":"default","adv-header-id-meta":"","stick-header-meta":"","header-above-stick-meta":"","header-main-stick-meta":"","header-below-stick-meta":"","astra-migrate-meta-layouts":"set","ast-page-background-enabled":"default","ast-page-background-meta":{"desktop":{"background-color":"var(--ast-global-color-4)","background-image":"","background-repeat":"repeat","background-position":"center center","background-size":"auto","background-attachment":"scroll","background-type":"","background-media":"","overlay-type":"","overlay-color":"","overlay-opacity":"","overlay-gradient":""},"tablet":{"background-color":"","background-image":"","background-repeat":"repeat","background-position":"center center","background-size":"auto","background-attachment":"scroll","background-type":"","background-media":"","overlay-type":"","overlay-color":"","overlay-opacity":"","overlay-gradient":""},"mobile":{"background-color":"","background-image":"","background-repeat":"repeat","background-position":"center center","background-size":"auto","background-attachment":"scroll","background-type":"","background-media":"","overlay-type":"","overlay-color":"","overlay-opacity":"","overlay-gradient":""}},"ast-content-background-meta":{"desktop":{"background-color":"var(--ast-global-color-5)","background-image":"","background-repeat":"repeat","background-position":"center center","background-size":"auto","background-attachment":"scroll","background-type":"","background-media":"","overlay-type":"","overlay-color":"","overlay-opacity":"","overlay-gradient":""},"tablet":{"background-color":"var(--ast-global-color-5)","background-image":"","background-repeat":"repeat","background-position":"center center","background-size":"auto","background-attachment":"scroll","background-type":"","background-media":"","overlay-type":"","overlay-color":"","overlay-opacity":"","overlay-gradient":""},"mobile":{"background-color":"var(--ast-global-color-5)","background-image":"","background-repeat":"repeat","background-position":"center center","background-size":"auto","background-attachment":"scroll","background-type":"","background-media":"","overlay-type":"","overlay-color":"","overlay-opacity":"","overlay-gradient":""}}},"product_brand":[],"product_cat":[82],"product_tag":[27,29,79,95,96,94,25,35],"class_list":{"0":"post-1423","1":"product","2":"type-product","3":"status-publish","4":"has-post-thumbnail","6":"product_cat-stahovanie-udajov","7":"product_tag-dtco-vdo","8":"product_tag-gen2-smart2","9":"product_tag-pristroj-na-stahovanie-kariet-vodicov","10":"product_tag-program-na-stahovanie-karet-vodicov","11":"product_tag-program-na-stahovanie-tachografov","12":"product_tag-program-na-stahovanie-udajov","13":"product_tag-tachograf","14":"product_tag-tachografn-gen2-smart1","15":"desktop-align-left","16":"tablet-align-left","17":"mobile-align-left","19":"first","20":"instock","21":"taxable","22":"shipping-taxable","23":"purchasable","24":"product-type-variable"},"_links":{"self":[{"href":"https:\/\/www.mototach.sk\/truckshop\/wp-json\/wp\/v2\/product\/1423","targetHints":{"allow":["GET"]}}],"collection":[{"href":"https:\/\/www.mototach.sk\/truckshop\/wp-json\/wp\/v2\/product"}],"about":[{"href":"https:\/\/www.mototach.sk\/truckshop\/wp-json\/wp\/v2\/types\/product"}],"replies":[{"embeddable":true,"href":"https:\/\/www.mototach.sk\/truckshop\/wp-json\/wp\/v2\/comments?post=1423"}],"wp:featuredmedia":[{"embeddable":true,"href":"https:\/\/www.mototach.sk\/truckshop\/wp-json\/wp\/v2\/media\/1424"}],"wp:attachment":[{"href":"https:\/\/www.mototach.sk\/truckshop\/wp-json\/wp\/v2\/media?parent=1423"}],"wp:term":[{"taxonomy":"product_brand","embeddable":true,"href":"https:\/\/www.mototach.sk\/truckshop\/wp-json\/wp\/v2\/product_brand?post=1423"},{"taxonomy":"product_cat","embeddable":true,"href":"https:\/\/www.mototach.sk\/truckshop\/wp-json\/wp\/v2\/product_cat?post=1423"},{"taxonomy":"product_tag","embeddable":true,"href":"https:\/\/www.mototach.sk\/truckshop\/wp-json\/wp\/v2\/product_tag?post=1423"}],"curies":[{"name":"wp","href":"https:\/\/api.w.org\/{rel}","templated":true}]}}