{"id":1421,"date":"2024-08-15T20:49:37","date_gmt":"2024-08-15T20:49:37","guid":{"rendered":"https:\/\/www.mototach.sk\/truckshop\/?post_type=product&#038;p=1421"},"modified":"2026-02-18T21:43:45","modified_gmt":"2026-02-18T21:43:45","slug":"pristroj-na-stahovanie-tachografov-vdo-smart-terminal","status":"publish","type":"product","link":"https:\/\/www.mototach.sk\/truckshop\/product\/pristroj-na-stahovanie-tachografov-vdo-smart-terminal\/","title":{"rendered":"Pristroj na stahovanie tachografov &#8211; VDO Smart Terminal"},"content":{"rendered":"<p><strong>K\u013e\u00fa\u010dov\u00e9 vlastnosti:<\/strong><\/p>\n<ul>\n<li><strong>Intuit\u00edvne ovl\u00e1danie:<\/strong> VDO Smart Terminal pon\u00faka pou\u017e\u00edvate\u013esky pr\u00edvetiv\u00e9 rozhranie s dotykov\u00fdm displejom, ktor\u00e9 zjednodu\u0161uje pr\u00edstup k d\u00f4le\u017eit\u00fdm \u00fadajom a funkci\u00e1m.<\/li>\n<li><strong>Bezprobl\u00e9mov\u00e1 integr\u00e1cia:<\/strong> Zariadenie je kompatibiln\u00e9 s r\u00f4znymi tachografmi a syst\u00e9mami spr\u00e1vy vozov\u00e9ho parku, \u010do umo\u017e\u0148uje \u013eahk\u00fa integr\u00e1ciu do existuj\u00facej infra\u0161trukt\u00fary.<\/li>\n<li><strong>Re\u00e1lne sledovanie \u00fadajov:<\/strong> Umo\u017e\u0148uje r\u00fdchly pr\u00edstup k \u00fadajom z tachografov a vodi\u010dsk\u00fdch kariet, \u010d\u00edm zabezpe\u010duje, \u017ee va\u0161a spolo\u010dnos\u0165 bude v\u017edy v s\u00falade s predpismi.<\/li>\n<li><strong>Bezpe\u010dn\u00fd prenos \u00fadajov:<\/strong> VDO Smart Terminal zaru\u010duje bezpe\u010dn\u00fd prenos a archiv\u00e1ciu \u00fadajov, \u010do pom\u00e1ha chr\u00e1ni\u0165 citliv\u00e9 inform\u00e1cie a zabezpe\u010di\u0165 ich dlhodob\u00e9 uchov\u00e1vanie.<\/li>\n<li><strong>Univerz\u00e1lna pou\u017eite\u013enos\u0165:<\/strong> Termin\u00e1l je vhodn\u00fd pre r\u00f4zne typy vozov\u00fdch parkov, od men\u0161\u00edch flot\u00edl a\u017e po ve\u013ek\u00e9 dopravn\u00e9 spolo\u010dnosti, v\u010faka svojej \u0161k\u00e1lovate\u013enosti a prisp\u00f4sobite\u013enosti.<\/li>\n<li><strong>Praktick\u00e9 funkcie:<\/strong> Zariadenie podporuje r\u00f4zne funkcie, ako s\u00fa s\u0165ahovanie \u00fadajov, archiv\u00e1cia, pl\u00e1novanie \u00fadr\u017eby a kontrola dodr\u017eiavania legislat\u00edvy, \u010d\u00edm pom\u00e1ha optimalizova\u0165 ka\u017edodenn\u00e9 \u010dinnosti.<\/li>\n<\/ul>\n<p>VDO Smart Terminal je k\u013e\u00fa\u010dov\u00fdm n\u00e1strojom pre ka\u017ed\u00fa spolo\u010dnos\u0165, ktor\u00e1 chce modern\u00fa a praktick\u00fa kontr\u00f3lu nad vozov\u00e1m parkom. Mo\u017enosti mont\u00e1\u017ee, nastavenia, \u0161kolenia viete komunikova\u0165 v stredisku <a href=\"https:\/\/www.mototach.sk\">Mototach.<\/a><\/p>\n","protected":false},"excerpt":{"rendered":"<p>VDO Smart Terminal je inovat\u00edvne zariadenie navrhnut\u00e9 pre efekt\u00edvnu spr\u00e1vu a kontrolu \u00fadajov v re\u00e1lnom \u010dase. Tento multifunk\u010dn\u00fd termin\u00e1l je ide\u00e1lny pre dopravn\u00e9 spolo\u010dnosti, ktor\u00e9 h\u013eadaj\u00fa spo\u013eahliv\u00e9 rie\u0161enie na optimaliz\u00e1ciu procesov, zlep\u0161enie dodr\u017eiavania predpisov a zefekt\u00edvnenie prev\u00e1dzky. <strong>Toto zariadenie je najv\u00fdhodnej\u0161ie pre podniky, v ktor\u00fdch sa vodi\u010di striedaj\u00fa alebo nach\u00e1dzaj\u00fa pravidelne v s\u00eddle (alebo inom mieste) firmy<\/strong><\/p>\n","protected":false},"featured_media":1422,"comment_status":"closed","ping_status":"closed","template":"","meta":{"site-sidebar-layout":"default","site-content-layout":"","ast-site-content-layout":"default","site-content-style":"default","site-sidebar-style":"default","ast-global-header-display":"","ast-banner-title-visibility":"","ast-main-header-display":"","ast-hfb-above-header-display":"","ast-hfb-below-header-display":"","ast-hfb-mobile-header-display":"","site-post-title":"","ast-breadcrumbs-content":"","ast-featured-img":"","footer-sml-layout":"","ast-disable-related-posts":"","theme-transparent-header-meta":"default","adv-header-id-meta":"","stick-header-meta":"","header-above-stick-meta":"","header-main-stick-meta":"","header-below-stick-meta":"","astra-migrate-meta-layouts":"set","ast-page-background-enabled":"default","ast-page-background-meta":{"desktop":{"background-color":"var(--ast-global-color-4)","background-image":"","background-repeat":"repeat","background-position":"center center","background-size":"auto","background-attachment":"scroll","background-type":"","background-media":"","overlay-type":"","overlay-color":"","overlay-opacity":"","overlay-gradient":""},"tablet":{"background-color":"","background-image":"","background-repeat":"repeat","background-position":"center center","background-size":"auto","background-attachment":"scroll","background-type":"","background-media":"","overlay-type":"","overlay-color":"","overlay-opacity":"","overlay-gradient":""},"mobile":{"background-color":"","background-image":"","background-repeat":"repeat","background-position":"center center","background-size":"auto","background-attachment":"scroll","background-type":"","background-media":"","overlay-type":"","overlay-color":"","overlay-opacity":"","overlay-gradient":""}},"ast-content-background-meta":{"desktop":{"background-color":"var(--ast-global-color-5)","background-image":"","background-repeat":"repeat","background-position":"center center","background-size":"auto","background-attachment":"scroll","background-type":"","background-media":"","overlay-type":"","overlay-color":"","overlay-opacity":"","overlay-gradient":""},"tablet":{"background-color":"var(--ast-global-color-5)","background-image":"","background-repeat":"repeat","background-position":"center center","background-size":"auto","background-attachment":"scroll","background-type":"","background-media":"","overlay-type":"","overlay-color":"","overlay-opacity":"","overlay-gradient":""},"mobile":{"background-color":"var(--ast-global-color-5)","background-image":"","background-repeat":"repeat","background-position":"center center","background-size":"auto","background-attachment":"scroll","background-type":"","background-media":"","overlay-type":"","overlay-color":"","overlay-opacity":"","overlay-gradient":""}}},"product_brand":[],"product_cat":[82],"product_tag":[27,29,79,93],"class_list":{"0":"post-1421","1":"product","2":"type-product","3":"status-publish","4":"has-post-thumbnail","6":"product_cat-stahovanie-udajov","7":"product_tag-dtco-vdo","8":"product_tag-gen2-smart2","9":"product_tag-pristroj-na-stahovanie-kariet-vodicov","10":"product_tag-vdo-smart-terminal","11":"desktop-align-left","12":"tablet-align-left","13":"mobile-align-left","15":"first","16":"instock","17":"taxable","18":"shipping-taxable","19":"purchasable","20":"product-type-simple"},"_links":{"self":[{"href":"https:\/\/www.mototach.sk\/truckshop\/wp-json\/wp\/v2\/product\/1421","targetHints":{"allow":["GET"]}}],"collection":[{"href":"https:\/\/www.mototach.sk\/truckshop\/wp-json\/wp\/v2\/product"}],"about":[{"href":"https:\/\/www.mototach.sk\/truckshop\/wp-json\/wp\/v2\/types\/product"}],"replies":[{"embeddable":true,"href":"https:\/\/www.mototach.sk\/truckshop\/wp-json\/wp\/v2\/comments?post=1421"}],"wp:featuredmedia":[{"embeddable":true,"href":"https:\/\/www.mototach.sk\/truckshop\/wp-json\/wp\/v2\/media\/1422"}],"wp:attachment":[{"href":"https:\/\/www.mototach.sk\/truckshop\/wp-json\/wp\/v2\/media?parent=1421"}],"wp:term":[{"taxonomy":"product_brand","embeddable":true,"href":"https:\/\/www.mototach.sk\/truckshop\/wp-json\/wp\/v2\/product_brand?post=1421"},{"taxonomy":"product_cat","embeddable":true,"href":"https:\/\/www.mototach.sk\/truckshop\/wp-json\/wp\/v2\/product_cat?post=1421"},{"taxonomy":"product_tag","embeddable":true,"href":"https:\/\/www.mototach.sk\/truckshop\/wp-json\/wp\/v2\/product_tag?post=1421"}],"curies":[{"name":"wp","href":"https:\/\/api.w.org\/{rel}","templated":true}]}}