{"id":1419,"date":"2024-08-15T20:43:53","date_gmt":"2024-08-15T20:43:53","guid":{"rendered":"https:\/\/www.mototach.sk\/truckshop\/?post_type=product&#038;p=1419"},"modified":"2026-02-18T21:44:23","modified_gmt":"2026-02-18T21:44:23","slug":"pristro-na-stahovanie-tachografov-vdo","status":"publish","type":"product","link":"https:\/\/www.mototach.sk\/truckshop\/product\/pristro-na-stahovanie-tachografov-vdo\/","title":{"rendered":"Pr\u00edstroj na s\u0165ahovanie tachografov VDO &#8211; PRO"},"content":{"rendered":"<p>T\u00e1to kombin\u00e1cia je nov\u0161ia, silnej\u0161ia a \u0161t\u00edhlej\u0161ia ako jej predchodca. S k\u013e\u00fa\u010dom DLK Smart Download Key sa teraz \u00fadaje z tachografu jednoducho pren\u00e1\u0161aj\u00fa cez USB alebo automaticky cez rozhranie Bluetooth do \u010doskoro dostupnej aplik\u00e1cie VDO Fleet a do dashboardu VDO Fleet. Mana\u017e\u00e9ri vozov\u00e9ho parku teraz m\u00f4\u017eu jednoducho, r\u00fdchlo a efekt\u00edvne splni\u0165 v\u0161etky po\u017eiadavky na dodr\u017eiavanie s\u00faladu. Vst\u00fapte do bud\u00facnosti digit\u00e1lneho riadenia vozov\u00e9ho parku.<\/p>\n<p>Najnov\u0161ia verzia prin\u00e1\u0161a mnoho v\u00fdhod ale aj zmeny, ktor\u00e9 u\u017e\u00edvate\u013eovi nemusia vyhovova\u0165. Rozdiely komunikujte u predajcu <a href=\"https:\/\/www.mototach.sk\">Mototach.<\/a><\/p>\n<p><strong>V balen\u00ed sa nach\u00e1dza<\/strong><\/p>\n<ul>\n<li>K\u013e\u00fa\u010d inteligentn\u00e9ho s\u0165ahovania VDO DLK<\/li>\n<li>Softv\u00e9r pre konfigur\u00e1ciu k\u013e\u00fa\u010dov<\/li>\n<li>Vizualiz\u00e1cia a archiv\u00e1cia d\u00e1t na k\u013e\u00fa\u010di<\/li>\n<li>Predl\u017eovac\u00ed k\u00e1bel USB<\/li>\n<li>Bro\u017e\u00fara r\u00fdchleho \u0161tartu (vytla\u010den\u00e1)<\/li>\n<li>N\u00e1vod na pou\u017eitie (digit\u00e1lny na k\u013e\u00fa\u010di)<\/li>\n<li>Popruh na z\u00e1p\u00e4stie<\/li>\n<\/ul>\n<p><strong>Po\u017eiadavky na syst\u00e9m<br \/>\n<\/strong><\/p>\n<ul>\n<li>Windows 11\/10\/Server 2022, ka\u017ed\u00fd s najnov\u0161\u00edm bal\u00edkom Service Pack<\/li>\n<li>Bezplatn\u00e9 pripojenie USB-A alebo rozhranie Bluetooth BLE<\/li>\n<li>Prehliada\u010dov\u00e1 aplik\u00e1cia, \u010d\u00edta\u010dka s\u00faborov PDF<\/li>\n<\/ul>\n<p><strong>\u00a0<\/strong><\/p>\n","protected":false},"excerpt":{"rendered":"<p><b>\u0160pi\u010dkov\u00e9 rie\u0161enie ALL-IN-ONE pre spr\u00e1vu d\u00e1t z tachografu od spolo\u010dnosti VDO teraz u\u017e modernej\u0161ie, r\u00fdchlej\u0161ie a vynovenej\u0161ie.<\/b><\/p>\n<p>&nbsp;<\/p>\n<ul>\n<li>Prirodzene kompatibiln\u00fd s tachografom DTCO 4.1\u00ae a v\u0161etk\u00fdmi schv\u00e1len\u00fdmi digit\u00e1lnymi a inteligentn\u00fdmi tachografmi (V1\/V2) a s\u00favisiacimi kartami.<\/li>\n<li>Vysokor\u00fdchlostn\u00e9 rozhranie Bluetooth na pripojenie k \u010doskoro dostupnej aplik\u00e1cii VDO a PC na prenos d\u00e1t do VDO Fleet prostredn\u00edctvom aplik\u00e1cie VDO alebo po\u010d\u00edta\u010da.<\/li>\n<li>K\u013e\u00fa\u010d DLK Smart Download Key jednoducho stiahne d\u00e1ta z \u00falo\u017eiska a karty vodi\u010da z tachografu cez 6-pinov\u00e9 rozhranie a odo\u0161le ich do aplik\u00e1cie VDO cez Bluetooth \u2013 v pr\u00edpade potreby aj automaticky v individu\u00e1lnom \u010dase.<\/li>\n<li>Kapacita pam\u00e4te 4 GB<\/li>\n<li>Integrovan\u00e1 \u010d\u00edta\u010dka \u010dipov\u00fdch kariet pre priame stiahnutie karty vodi\u010da<\/li>\n<li>&#8222;2,4&#8220;&#8220; kapacitn\u00fd dotykov\u00fd TFT displej pre jednoduch\u00e9 ovl\u00e1danie&#8220;<\/li>\n<li>Vhodn\u00e9 pre v\u0161etky digit\u00e1lne tachografy s nap\u00e4t\u00edm 12 a 24 V<\/li>\n<\/ul>\n<p><b>\u00a0<\/b><\/p>\n","protected":false},"featured_media":1420,"comment_status":"closed","ping_status":"closed","template":"","meta":{"site-sidebar-layout":"default","site-content-layout":"","ast-site-content-layout":"default","site-content-style":"default","site-sidebar-style":"default","ast-global-header-display":"","ast-banner-title-visibility":"","ast-main-header-display":"","ast-hfb-above-header-display":"","ast-hfb-below-header-display":"","ast-hfb-mobile-header-display":"","site-post-title":"","ast-breadcrumbs-content":"","ast-featured-img":"","footer-sml-layout":"","ast-disable-related-posts":"","theme-transparent-header-meta":"default","adv-header-id-meta":"","stick-header-meta":"","header-above-stick-meta":"","header-main-stick-meta":"","header-below-stick-meta":"","astra-migrate-meta-layouts":"set","ast-page-background-enabled":"default","ast-page-background-meta":{"desktop":{"background-color":"var(--ast-global-color-4)","background-image":"","background-repeat":"repeat","background-position":"center center","background-size":"auto","background-attachment":"scroll","background-type":"","background-media":"","overlay-type":"","overlay-color":"","overlay-opacity":"","overlay-gradient":""},"tablet":{"background-color":"","background-image":"","background-repeat":"repeat","background-position":"center center","background-size":"auto","background-attachment":"scroll","background-type":"","background-media":"","overlay-type":"","overlay-color":"","overlay-opacity":"","overlay-gradient":""},"mobile":{"background-color":"","background-image":"","background-repeat":"repeat","background-position":"center center","background-size":"auto","background-attachment":"scroll","background-type":"","background-media":"","overlay-type":"","overlay-color":"","overlay-opacity":"","overlay-gradient":""}},"ast-content-background-meta":{"desktop":{"background-color":"var(--ast-global-color-5)","background-image":"","background-repeat":"repeat","background-position":"center center","background-size":"auto","background-attachment":"scroll","background-type":"","background-media":"","overlay-type":"","overlay-color":"","overlay-opacity":"","overlay-gradient":""},"tablet":{"background-color":"var(--ast-global-color-5)","background-image":"","background-repeat":"repeat","background-position":"center center","background-size":"auto","background-attachment":"scroll","background-type":"","background-media":"","overlay-type":"","overlay-color":"","overlay-opacity":"","overlay-gradient":""},"mobile":{"background-color":"var(--ast-global-color-5)","background-image":"","background-repeat":"repeat","background-position":"center center","background-size":"auto","background-attachment":"scroll","background-type":"","background-media":"","overlay-type":"","overlay-color":"","overlay-opacity":"","overlay-gradient":""}}},"product_brand":[],"product_cat":[82],"product_tag":[70,34,92,29,79,49,86],"class_list":{"0":"post-1419","1":"product","2":"type-product","3":"status-publish","4":"has-post-thumbnail","6":"product_cat-stahovanie-udajov","7":"product_tag-analogovy-tachograf","8":"product_tag-anglicky-tachograf","9":"product_tag-dlk-pro-ii","10":"product_tag-gen2-smart2","11":"product_tag-pristroj-na-stahovanie-kariet-vodicov","12":"product_tag-siemens-vdo","13":"product_tag-stahovanie-udajov","14":"desktop-align-left","15":"tablet-align-left","16":"mobile-align-left","18":"first","19":"instock","20":"taxable","21":"shipping-taxable","22":"purchasable","23":"product-type-simple"},"_links":{"self":[{"href":"https:\/\/www.mototach.sk\/truckshop\/wp-json\/wp\/v2\/product\/1419","targetHints":{"allow":["GET"]}}],"collection":[{"href":"https:\/\/www.mototach.sk\/truckshop\/wp-json\/wp\/v2\/product"}],"about":[{"href":"https:\/\/www.mototach.sk\/truckshop\/wp-json\/wp\/v2\/types\/product"}],"replies":[{"embeddable":true,"href":"https:\/\/www.mototach.sk\/truckshop\/wp-json\/wp\/v2\/comments?post=1419"}],"wp:featuredmedia":[{"embeddable":true,"href":"https:\/\/www.mototach.sk\/truckshop\/wp-json\/wp\/v2\/media\/1420"}],"wp:attachment":[{"href":"https:\/\/www.mototach.sk\/truckshop\/wp-json\/wp\/v2\/media?parent=1419"}],"wp:term":[{"taxonomy":"product_brand","embeddable":true,"href":"https:\/\/www.mototach.sk\/truckshop\/wp-json\/wp\/v2\/product_brand?post=1419"},{"taxonomy":"product_cat","embeddable":true,"href":"https:\/\/www.mototach.sk\/truckshop\/wp-json\/wp\/v2\/product_cat?post=1419"},{"taxonomy":"product_tag","embeddable":true,"href":"https:\/\/www.mototach.sk\/truckshop\/wp-json\/wp\/v2\/product_tag?post=1419"}],"curies":[{"name":"wp","href":"https:\/\/api.w.org\/{rel}","templated":true}]}}