{"id":1412,"date":"2024-08-15T19:54:24","date_gmt":"2024-08-15T19:54:24","guid":{"rendered":"https:\/\/www.mototach.sk\/truckshop\/?post_type=product&#038;p=1412"},"modified":"2025-12-09T21:24:06","modified_gmt":"2025-12-09T21:24:06","slug":"pristroj-na-stahovanie-tachografov-citacka-kariet","status":"publish","type":"product","link":"https:\/\/www.mototach.sk\/truckshop\/product\/pristroj-na-stahovanie-tachografov-citacka-kariet\/","title":{"rendered":"Pr\u00edstroj na s\u0165ahovanie tachografov &#8211; \u010d\u00edta\u010dka kariet"},"content":{"rendered":"<p>Tento produkt je odpor\u00fa\u010dan\u00fdm zariaden\u00edm pre stahovanie kariet vodi\u010dov do po\u010d\u00edta\u010da alebo notebooku (nie bez pr\u00eddavn\u00e9ho softwaru). \u010c\u00edta\u010dka dok\u00e1\u017ee \u010d\u00edta\u0165 aj ob\u010dianske preukazu alebo in\u00e9 ID preukazy. Spr\u00e1vnu konfigur\u00e1ciu pre pohodln\u00e9 s\u0165ahovanie \u00fadajov z kariet vodi\u010dov konzultujte na pobo\u010dke <a href=\"https:\/\/www.mototach.sk\">Mototach.<\/a><\/p>\n<p>Pr\u00eddavn\u00fd software pre funk\u010dn\u00e9 s\u0165ahovanie kariet vodi\u010dov je odpor\u00fa\u010dan\u00fd <a href=\"https:\/\/www.mototach.sk\/truckshop\/product\/cartracker-software-na-stahovanie-udajov\/\">Cartracker\u00a0<\/a><\/p>\n","protected":false},"excerpt":{"rendered":"<p>Skvalitnite spr\u00e1vu a ukladanie \u00fadajov \u00a0s \u010d\u00edta\u010dkou kariet pre zariadenia Windows a Mac OS. Tento v\u0161estrann\u00fd a kompaktn\u00fd pr\u00edstroj je navrhnut\u00fd tak, aby umo\u017enil r\u00fdchle a jednoduch\u00e9 s\u0165ahovanie \u00fadajov z tachografov a vodi\u010dsk\u00fdch kariet, \u010d\u00edm zabezpe\u010duje dodr\u017eiavanie legislat\u00edvnych po\u017eiadaviek a zlep\u0161uje efektivitu spr\u00e1vy vozov\u00e9ho parku cez program, ktor\u00fd je nutn\u00fd ma\u0165 nain\u0161talovan\u00fd vo po\u010d\u00edta\u010di. <strong>Jednoduch\u00e1 \u010d\u00edta\u010dka je v pr\u00edpade kompletn\u00fdch programov s\u00fa\u010das\u0165ou bal\u00edka<\/strong><\/p>\n<p><strong><span style=\"color: #0000ff;\">POZOR: Tento produkt samostatne nedok\u00e1\u017ee stiahnu\u0165 tachografov\u00fa kartu<\/span><\/strong><\/p>\n","protected":false},"featured_media":1413,"comment_status":"closed","ping_status":"closed","template":"","meta":{"site-sidebar-layout":"default","site-content-layout":"","ast-site-content-layout":"default","site-content-style":"default","site-sidebar-style":"default","ast-global-header-display":"","ast-banner-title-visibility":"","ast-main-header-display":"","ast-hfb-above-header-display":"","ast-hfb-below-header-display":"","ast-hfb-mobile-header-display":"","site-post-title":"","ast-breadcrumbs-content":"","ast-featured-img":"","footer-sml-layout":"","ast-disable-related-posts":"","theme-transparent-header-meta":"default","adv-header-id-meta":"","stick-header-meta":"","header-above-stick-meta":"","header-main-stick-meta":"","header-below-stick-meta":"","astra-migrate-meta-layouts":"set","ast-page-background-enabled":"default","ast-page-background-meta":{"desktop":{"background-color":"var(--ast-global-color-4)","background-image":"","background-repeat":"repeat","background-position":"center center","background-size":"auto","background-attachment":"scroll","background-type":"","background-media":"","overlay-type":"","overlay-color":"","overlay-opacity":"","overlay-gradient":""},"tablet":{"background-color":"","background-image":"","background-repeat":"repeat","background-position":"center center","background-size":"auto","background-attachment":"scroll","background-type":"","background-media":"","overlay-type":"","overlay-color":"","overlay-opacity":"","overlay-gradient":""},"mobile":{"background-color":"","background-image":"","background-repeat":"repeat","background-position":"center center","background-size":"auto","background-attachment":"scroll","background-type":"","background-media":"","overlay-type":"","overlay-color":"","overlay-opacity":"","overlay-gradient":""}},"ast-content-background-meta":{"desktop":{"background-color":"var(--ast-global-color-5)","background-image":"","background-repeat":"repeat","background-position":"center center","background-size":"auto","background-attachment":"scroll","background-type":"","background-media":"","overlay-type":"","overlay-color":"","overlay-opacity":"","overlay-gradient":""},"tablet":{"background-color":"var(--ast-global-color-5)","background-image":"","background-repeat":"repeat","background-position":"center center","background-size":"auto","background-attachment":"scroll","background-type":"","background-media":"","overlay-type":"","overlay-color":"","overlay-opacity":"","overlay-gradient":""},"mobile":{"background-color":"var(--ast-global-color-5)","background-image":"","background-repeat":"repeat","background-position":"center center","background-size":"auto","background-attachment":"scroll","background-type":"","background-media":"","overlay-type":"","overlay-color":"","overlay-opacity":"","overlay-gradient":""}}},"product_brand":[],"product_cat":[82],"product_tag":[78,77,81,80,79],"class_list":{"0":"post-1412","1":"product","2":"type-product","3":"status-publish","4":"has-post-thumbnail","6":"product_cat-stahovanie-udajov","7":"product_tag-citacka","8":"product_tag-citacka-kariet","9":"product_tag-citacka-pre-mac-os","10":"product_tag-citacka-pre-windows","11":"product_tag-pristroj-na-stahovanie-kariet-vodicov","12":"desktop-align-left","13":"tablet-align-left","14":"mobile-align-left","16":"first","17":"instock","18":"taxable","19":"shipping-taxable","20":"purchasable","21":"product-type-simple"},"_links":{"self":[{"href":"https:\/\/www.mototach.sk\/truckshop\/wp-json\/wp\/v2\/product\/1412","targetHints":{"allow":["GET"]}}],"collection":[{"href":"https:\/\/www.mototach.sk\/truckshop\/wp-json\/wp\/v2\/product"}],"about":[{"href":"https:\/\/www.mototach.sk\/truckshop\/wp-json\/wp\/v2\/types\/product"}],"replies":[{"embeddable":true,"href":"https:\/\/www.mototach.sk\/truckshop\/wp-json\/wp\/v2\/comments?post=1412"}],"wp:featuredmedia":[{"embeddable":true,"href":"https:\/\/www.mototach.sk\/truckshop\/wp-json\/wp\/v2\/media\/1413"}],"wp:attachment":[{"href":"https:\/\/www.mototach.sk\/truckshop\/wp-json\/wp\/v2\/media?parent=1412"}],"wp:term":[{"taxonomy":"product_brand","embeddable":true,"href":"https:\/\/www.mototach.sk\/truckshop\/wp-json\/wp\/v2\/product_brand?post=1412"},{"taxonomy":"product_cat","embeddable":true,"href":"https:\/\/www.mototach.sk\/truckshop\/wp-json\/wp\/v2\/product_cat?post=1412"},{"taxonomy":"product_tag","embeddable":true,"href":"https:\/\/www.mototach.sk\/truckshop\/wp-json\/wp\/v2\/product_tag?post=1412"}],"curies":[{"name":"wp","href":"https:\/\/api.w.org\/{rel}","templated":true}]}}