{"id":1410,"date":"2024-08-15T19:44:20","date_gmt":"2024-08-15T19:44:20","guid":{"rendered":"https:\/\/www.mototach.sk\/truckshop\/?post_type=product&#038;p=1410"},"modified":"2026-02-18T21:45:40","modified_gmt":"2026-02-18T21:45:40","slug":"papier-do-digi-tachografu-vdo-oem","status":"publish","type":"product","link":"https:\/\/www.mototach.sk\/truckshop\/product\/papier-do-digi-tachografu-vdo-oem\/","title":{"rendered":"Papier do digi tachografu VDO OEM"},"content":{"rendered":"<p>VDO s\u00fa ofici\u00e1lnym produktom VDO. V\u00fdber spr\u00e1vneho papiera m\u00f4\u017ee ovplyvni\u0165 funk\u010dnos\u0165 tla\u010denia v\u00fdtla\u010dkov alebo m\u00f4\u017ee ovplyvni\u0165 dobu, kedy zost\u00e1vaj\u00fa v\u00fdtla\u010dky \u010ditate\u013en\u00e9. V\u00fdber spr\u00e1vneho papiera do tachografu nechajte <a href=\"https:\/\/www.mototach.sk\/\">na odpor\u00fa\u010danie Mototachu.<\/a><\/p>\n<ul>\n<li>Pre spr\u00e1vny v\u00fdber papieru do tachografu v\u00e1m pom\u00f4\u017ee n\u00e1\u0161 n\u00e1vod &#8222;<a href=\"https:\/\/www.mototach.sk\/papier-do-tachografu\/\">papier do tachografu<\/a>&#8222;<\/li>\n<\/ul>\n","protected":false},"excerpt":{"rendered":"<p><strong>Origin\u00e1lny papier pre digit\u00e1lny tachograf, ktor\u00fd je \u0161peci\u00e1lne navrhnut\u00fd a testovan\u00fd na pou\u017eitie s va\u0161\u00edm tachografom. <\/strong>Tento papier zaru\u010duje optim\u00e1lnu kvalitu tla\u010de, \u010ditate\u013enos\u0165 a dlhodob\u00fa uchovate\u013enos\u0165 \u00fadajov, \u010do je nevyhnutn\u00e9 pre dodr\u017eiavanie legislat\u00edvnych po\u017eiadaviek. <strong>Tento papier je odpor\u00fa\u010dan\u00fd v\u00fdrobcom tachografov VDO Continental.<\/strong><\/p>\n<p><strong>K\u013e\u00fa\u010dov\u00e9 vlastnosti:<\/strong><\/p>\n<ul>\n<li><strong>Bezchybn\u00e1 kompatibilita:<\/strong> Ako origin\u00e1lny produkt je tento papier 100% kompatibiln\u00fd s va\u0161\u00edm digit\u00e1lnym tachografom, \u010do zaru\u010duje bezprobl\u00e9mov\u00e9 pou\u017e\u00edvanie a dlh\u00fa \u017eivotnos\u0165 zariadenia.<\/li>\n<li><strong>Najvy\u0161\u0161ia kvalita tla\u010de:<\/strong> Papier poskytuje vynikaj\u00facu kvalitu tla\u010de s ostr\u00fdmi a jasn\u00fdmi v\u00fdstupmi, ktor\u00e9 s\u00fa \u013eahko \u010ditate\u013en\u00e9 a odoln\u00e9 vo\u010di vyblednutiu, \u010do zabezpe\u010duje presn\u00e9 a spo\u013eahliv\u00e9 z\u00e1znamy.<\/li>\n<li><strong>Dlhotrvaj\u00faca \u010ditate\u013enos\u0165:<\/strong> Origin\u00e1lny papier je navrhnut\u00fd tak, aby zabezpe\u010dil dlhodob\u00fa uchovate\u013enos\u0165 \u00fadajov bez straty kvality, \u010d\u00edm zais\u0165uje, \u017ee v\u0161etky va\u0161e z\u00e1znamy bud\u00fa \u010ditate\u013en\u00e9 aj po dlhom \u010dase.<\/li>\n<\/ul>\n","protected":false},"featured_media":1411,"comment_status":"closed","ping_status":"closed","template":"","meta":{"site-sidebar-layout":"default","site-content-layout":"","ast-site-content-layout":"default","site-content-style":"default","site-sidebar-style":"default","ast-global-header-display":"","ast-banner-title-visibility":"","ast-main-header-display":"","ast-hfb-above-header-display":"","ast-hfb-below-header-display":"","ast-hfb-mobile-header-display":"","site-post-title":"","ast-breadcrumbs-content":"","ast-featured-img":"","footer-sml-layout":"","ast-disable-related-posts":"","theme-transparent-header-meta":"default","adv-header-id-meta":"","stick-header-meta":"","header-above-stick-meta":"","header-main-stick-meta":"","header-below-stick-meta":"","astra-migrate-meta-layouts":"set","ast-page-background-enabled":"default","ast-page-background-meta":{"desktop":{"background-color":"var(--ast-global-color-4)","background-image":"","background-repeat":"repeat","background-position":"center center","background-size":"auto","background-attachment":"scroll","background-type":"","background-media":"","overlay-type":"","overlay-color":"","overlay-opacity":"","overlay-gradient":""},"tablet":{"background-color":"","background-image":"","background-repeat":"repeat","background-position":"center center","background-size":"auto","background-attachment":"scroll","background-type":"","background-media":"","overlay-type":"","overlay-color":"","overlay-opacity":"","overlay-gradient":""},"mobile":{"background-color":"","background-image":"","background-repeat":"repeat","background-position":"center center","background-size":"auto","background-attachment":"scroll","background-type":"","background-media":"","overlay-type":"","overlay-color":"","overlay-opacity":"","overlay-gradient":""}},"ast-content-background-meta":{"desktop":{"background-color":"var(--ast-global-color-5)","background-image":"","background-repeat":"repeat","background-position":"center center","background-size":"auto","background-attachment":"scroll","background-type":"","background-media":"","overlay-type":"","overlay-color":"","overlay-opacity":"","overlay-gradient":""},"tablet":{"background-color":"var(--ast-global-color-5)","background-image":"","background-repeat":"repeat","background-position":"center center","background-size":"auto","background-attachment":"scroll","background-type":"","background-media":"","overlay-type":"","overlay-color":"","overlay-opacity":"","overlay-gradient":""},"mobile":{"background-color":"var(--ast-global-color-5)","background-image":"","background-repeat":"repeat","background-position":"center center","background-size":"auto","background-attachment":"scroll","background-type":"","background-media":"","overlay-type":"","overlay-color":"","overlay-opacity":"","overlay-gradient":""}}},"product_brand":[],"product_cat":[62],"product_tag":[64,65,71,72,35,26,75,76],"class_list":{"0":"post-1410","1":"product","2":"type-product","3":"status-publish","4":"has-post-thumbnail","6":"product_cat-tovar-pre-tachograf","7":"product_tag-papier-do-tacho","8":"product_tag-papier-kinzle","9":"product_tag-roll","10":"product_tag-rollka","11":"product_tag-tachografn-gen2-smart1","12":"product_tag-tachografy","13":"product_tag-vdo-papier","14":"product_tag-vdo-rollka","15":"desktop-align-left","16":"tablet-align-left","17":"mobile-align-left","19":"first","20":"instock","21":"taxable","22":"shipping-taxable","23":"purchasable","24":"product-type-simple"},"_links":{"self":[{"href":"https:\/\/www.mototach.sk\/truckshop\/wp-json\/wp\/v2\/product\/1410","targetHints":{"allow":["GET"]}}],"collection":[{"href":"https:\/\/www.mototach.sk\/truckshop\/wp-json\/wp\/v2\/product"}],"about":[{"href":"https:\/\/www.mototach.sk\/truckshop\/wp-json\/wp\/v2\/types\/product"}],"replies":[{"embeddable":true,"href":"https:\/\/www.mototach.sk\/truckshop\/wp-json\/wp\/v2\/comments?post=1410"}],"wp:featuredmedia":[{"embeddable":true,"href":"https:\/\/www.mototach.sk\/truckshop\/wp-json\/wp\/v2\/media\/1411"}],"wp:attachment":[{"href":"https:\/\/www.mototach.sk\/truckshop\/wp-json\/wp\/v2\/media?parent=1410"}],"wp:term":[{"taxonomy":"product_brand","embeddable":true,"href":"https:\/\/www.mototach.sk\/truckshop\/wp-json\/wp\/v2\/product_brand?post=1410"},{"taxonomy":"product_cat","embeddable":true,"href":"https:\/\/www.mototach.sk\/truckshop\/wp-json\/wp\/v2\/product_cat?post=1410"},{"taxonomy":"product_tag","embeddable":true,"href":"https:\/\/www.mototach.sk\/truckshop\/wp-json\/wp\/v2\/product_tag?post=1410"}],"curies":[{"name":"wp","href":"https:\/\/api.w.org\/{rel}","templated":true}]}}