{"id":1405,"date":"2024-08-15T19:09:21","date_gmt":"2024-08-15T19:09:21","guid":{"rendered":"https:\/\/www.mototach.sk\/truckshop\/?post_type=product&#038;p=1405"},"modified":"2025-12-09T21:35:17","modified_gmt":"2025-12-09T21:35:17","slug":"papier-do-kruzkoveho-tachografu","status":"publish","type":"product","link":"https:\/\/www.mototach.sk\/truckshop\/product\/papier-do-kruzkoveho-tachografu\/","title":{"rendered":"Papier do kr\u00fa\u017ekov\u00e9ho tachografu"},"content":{"rendered":"<p>Cenovo v\u00fdhodn\u00e1 alternat\u00edva pre spo\u013eahliv\u00e9 zaznamen\u00e1vanie je ekonomick\u00e1 alternat\u00edva pre vozidl\u00e1 &#8222;okolo kom\u00edna&#8220;. Po zv\u00e1\u017een\u00ed p\u00e1r bodoch, s\u00fa neorigin\u00e1lne kr\u00fa\u017eky dobrou ekonomickou vo\u013ebou. <strong>Tieto body patria pre v\u0161etk\u00ed alternat\u00edvy a n\u00e1hrady dostupn\u00e9 na trhu.<\/strong><\/p>\n<p><strong>K\u013e\u00fa\u010dov\u00e9 vlastnosti a slabiny<\/strong><\/p>\n<ul>\n<li><strong>Cenov\u00e1 dostupnos\u0165:<\/strong> Neorigin\u00e1lne kr\u00fa\u017eky pon\u00fakaj\u00fa vynikaj\u00facu hodnotu za peniaze, \u010do z nich rob\u00ed ide\u00e1lnu vo\u013ebu pre t\u00fdch, ktor\u00ed chc\u00fa zn\u00ed\u017ei\u0165 n\u00e1klady bez kompromisov v spo\u013eahlivosti.<\/li>\n<li><strong>Kompatibilita:<\/strong> Tieto kr\u00fa\u017eky s\u00fa navrhnut\u00e9 tak, aby boli kompatibiln\u00e9 s r\u00f4znymi modelmi anal\u00f3gov\u00fdch tachografov, \u010do zais\u0165uje ich univerz\u00e1lne pou\u017eitie.<\/li>\n<li><strong>Kvalita papiera:<\/strong> Kvalita papiera pri n\u00e1hrad\u00e1ch je kvalitovo hor\u0161ia a je potrebn\u00e9 zv\u00fd\u0161i\u0165 starostlivos\u0165 o papier<\/li>\n<li><strong>Vidite\u013enos\u0165 z\u00e1znamu:<\/strong> Je potrebn\u00e9 dba\u0165 na kvalitu z\u00e1znamu a ihlu. Tachografy, ktor\u00e9 maj\u00fa ihlu v hor\u0161om stave, m\u00f4\u017eu ma\u0165 probl\u00e9m v spr\u00e1vnom a vidite\u013enom z\u00e1pise na neorigin\u00e1lnom z\u00e1znamovom liste. Z pravidla sa tieto probl\u00e9m vyskytuje len v ojedinel\u00fdch pr\u00edpadochV\u00fdber spr\u00e1vneho typu kr\u00fa\u017eku <a href=\"https:\/\/www.mototach.sk\/\">konzultujte s Mototachom<\/a>. Nespr\u00e1vny v\u00fdber bude sp\u00f4sobova\u0165 nekorektnos\u0165 z\u00e1znamu, \u010do m\u00f4\u017ee vies\u0165 k pokute pri kontrole na ceste. Zl\u00fd v\u00fdber kr\u00fa\u017eku sa ned\u00e1 sp\u00e4tne reklamova\u0165<\/li>\n<li>Pre spr\u00e1vny v\u00fdber kr\u00fa\u017eku do tachografu v\u00e1m pom\u00f4\u017ee n\u00e1\u0161 n\u00e1vod &#8222;<a href=\"https:\/\/www.mototach.sk\/papier-do-tachografu\/\">papier do tachografu<\/a>&#8222;<\/li>\n<\/ul>\n","protected":false},"excerpt":{"rendered":"<p><strong>Neorigin\u00e1lne kr\u00fa\u017eky<\/strong> do \u00a0anal\u00f3gov\u00fdch tachografov je cenovo v\u00fdhodn\u00e1 alternat\u00edva pre menej pou\u017e\u00edvan\u00e9 vozidl\u00e1, ktor\u00e9 dbaj\u00fa na spr\u00e1vnu archiv\u00e1ciu kr\u00fa\u017ekov a chr\u00e1nia ich pred okolit\u00fdm vplyvom prostredia. Tieto kr\u00fa\u017eky s\u00fa kompatibiln\u00e9 s v\u00e4\u010d\u0161inou anal\u00f3gov\u00fdch tachografov a pon\u00fakaj\u00fa spo\u013eahliv\u00fd v\u00fdkon za v\u00fdhodn\u00fa cenu.<\/p>\n","protected":false},"featured_media":1406,"comment_status":"closed","ping_status":"closed","template":"","meta":{"site-sidebar-layout":"default","site-content-layout":"","ast-site-content-layout":"default","site-content-style":"default","site-sidebar-style":"default","ast-global-header-display":"","ast-banner-title-visibility":"","ast-main-header-display":"","ast-hfb-above-header-display":"","ast-hfb-below-header-display":"","ast-hfb-mobile-header-display":"","site-post-title":"","ast-breadcrumbs-content":"","ast-featured-img":"","footer-sml-layout":"","ast-disable-related-posts":"","theme-transparent-header-meta":"default","adv-header-id-meta":"","stick-header-meta":"","header-above-stick-meta":"","header-main-stick-meta":"","header-below-stick-meta":"","astra-migrate-meta-layouts":"set","ast-page-background-enabled":"default","ast-page-background-meta":{"desktop":{"background-color":"var(--ast-global-color-4)","background-image":"","background-repeat":"repeat","background-position":"center center","background-size":"auto","background-attachment":"scroll","background-type":"","background-media":"","overlay-type":"","overlay-color":"","overlay-opacity":"","overlay-gradient":""},"tablet":{"background-color":"","background-image":"","background-repeat":"repeat","background-position":"center center","background-size":"auto","background-attachment":"scroll","background-type":"","background-media":"","overlay-type":"","overlay-color":"","overlay-opacity":"","overlay-gradient":""},"mobile":{"background-color":"","background-image":"","background-repeat":"repeat","background-position":"center center","background-size":"auto","background-attachment":"scroll","background-type":"","background-media":"","overlay-type":"","overlay-color":"","overlay-opacity":"","overlay-gradient":""}},"ast-content-background-meta":{"desktop":{"background-color":"var(--ast-global-color-5)","background-image":"","background-repeat":"repeat","background-position":"center center","background-size":"auto","background-attachment":"scroll","background-type":"","background-media":"","overlay-type":"","overlay-color":"","overlay-opacity":"","overlay-gradient":""},"tablet":{"background-color":"var(--ast-global-color-5)","background-image":"","background-repeat":"repeat","background-position":"center center","background-size":"auto","background-attachment":"scroll","background-type":"","background-media":"","overlay-type":"","overlay-color":"","overlay-opacity":"","overlay-gradient":""},"mobile":{"background-color":"var(--ast-global-color-5)","background-image":"","background-repeat":"repeat","background-position":"center center","background-size":"auto","background-attachment":"scroll","background-type":"","background-media":"","overlay-type":"","overlay-color":"","overlay-opacity":"","overlay-gradient":""}}},"product_brand":[],"product_cat":[62],"product_tag":[44,70,53,48,67,38],"class_list":{"0":"post-1405","1":"product","2":"type-product","3":"status-publish","4":"has-post-thumbnail","6":"product_cat-tovar-pre-tachograf","7":"product_tag-44","8":"product_tag-analogovy-tachograf","9":"product_tag-kruzkovy-tacho","10":"product_tag-kruzkovy-tachograf","11":"product_tag-tacho-kruzky","12":"product_tag-vnutrostatna-preprava-tacho","13":"desktop-align-left","14":"tablet-align-left","15":"mobile-align-left","17":"first","18":"instock","19":"taxable","20":"shipping-taxable","21":"purchasable","22":"product-type-simple"},"_links":{"self":[{"href":"https:\/\/www.mototach.sk\/truckshop\/wp-json\/wp\/v2\/product\/1405","targetHints":{"allow":["GET"]}}],"collection":[{"href":"https:\/\/www.mototach.sk\/truckshop\/wp-json\/wp\/v2\/product"}],"about":[{"href":"https:\/\/www.mototach.sk\/truckshop\/wp-json\/wp\/v2\/types\/product"}],"replies":[{"embeddable":true,"href":"https:\/\/www.mototach.sk\/truckshop\/wp-json\/wp\/v2\/comments?post=1405"}],"wp:featuredmedia":[{"embeddable":true,"href":"https:\/\/www.mototach.sk\/truckshop\/wp-json\/wp\/v2\/media\/1406"}],"wp:attachment":[{"href":"https:\/\/www.mototach.sk\/truckshop\/wp-json\/wp\/v2\/media?parent=1405"}],"wp:term":[{"taxonomy":"product_brand","embeddable":true,"href":"https:\/\/www.mototach.sk\/truckshop\/wp-json\/wp\/v2\/product_brand?post=1405"},{"taxonomy":"product_cat","embeddable":true,"href":"https:\/\/www.mototach.sk\/truckshop\/wp-json\/wp\/v2\/product_cat?post=1405"},{"taxonomy":"product_tag","embeddable":true,"href":"https:\/\/www.mototach.sk\/truckshop\/wp-json\/wp\/v2\/product_tag?post=1405"}],"curies":[{"name":"wp","href":"https:\/\/api.w.org\/{rel}","templated":true}]}}