{"id":1391,"date":"2024-08-15T15:25:28","date_gmt":"2024-08-15T15:25:28","guid":{"rendered":"https:\/\/www.mototach.sk\/truckshop\/?post_type=product&#038;p=1391"},"modified":"2026-02-18T21:46:16","modified_gmt":"2026-02-18T21:46:16","slug":"papier-do-kruzkoveho-tachografu-oem-kruzky","status":"publish","type":"product","link":"https:\/\/www.mototach.sk\/truckshop\/product\/papier-do-kruzkoveho-tachografu-oem-kruzky\/","title":{"rendered":"Papier do kr\u00fa\u017ekov\u00e9ho tachografu &#8211; OEM Kr\u00fa\u017eky"},"content":{"rendered":"<p><strong>K\u013e\u00fa\u010dov\u00e9 vlastnosti:<\/strong><\/p>\n<ul>\n<li><strong>Presn\u00e9 prisp\u00f4sobenie:<\/strong> Na\u0161e kr\u00fa\u017eky s\u00fa \u0161peci\u00e1lne navrhnut\u00e9 na presn\u00e9 prisp\u00f4sobenie r\u00f4znym modelom tachografov, \u010do zabezpe\u010duje ich spr\u00e1vne fungovanie a efekt\u00edvne zaznamen\u00e1vanie \u00fadajov.<\/li>\n<li><strong>Jednoduch\u00e1 v\u00fdmena:<\/strong> Kr\u00fa\u017eky sa \u013eahko vkladaj\u00fa a menia, \u010d\u00edm \u0161etria \u010das pri \u00fadr\u017ebe a zabezpe\u010duj\u00fa minim\u00e1lne prestoje vo va\u0161ej prev\u00e1dzke.<\/li>\n<li><strong>Odoln\u00e9 a spo\u013eahliv\u00e9:<\/strong> Vyroben\u00e9 z kvalitn\u00fdch materi\u00e1lov, kr\u00fa\u017eky s\u00fa odoln\u00e9 vo\u010di opotrebeniu a zaru\u010duj\u00fa dlh\u00fa \u017eivotnos\u0165 aj pri intenz\u00edvnom pou\u017e\u00edvan\u00ed.<\/li>\n<li><strong>Optimaliz\u00e1cia v\u00fdkonu:<\/strong> Pou\u017e\u00edvanie spr\u00e1vnych kr\u00fa\u017ekov zabezpe\u010duje optim\u00e1lny v\u00fdkon tachografu a presn\u00e9 zaznamen\u00e1vanie v\u0161etk\u00fdch d\u00f4le\u017eit\u00fdch \u00fadajov, \u010do je nevyhnutn\u00e9 pre dodr\u017eiavanie legislat\u00edvnych predpisov.<\/li>\n<li><strong>\u0160irok\u00e1 kompatibilita:<\/strong> Na\u0161e kr\u00fa\u017eky s\u00fa kompatibiln\u00e9 s r\u00f4znymi anal\u00f3gov\u00fdmi tachografmi, \u010do ich rob\u00ed univerz\u00e1lnym rie\u0161en\u00edm pre r\u00f4zne aplik\u00e1cie.<\/li>\n<li>Pre spr\u00e1vny v\u00fdber kr\u00fa\u017eku do tachografu v\u00e1m pom\u00f4\u017ee n\u00e1\u0161 n\u00e1vod &#8222;<a href=\"https:\/\/www.mototach.sk\/papier-do-tachografu\/\">papier do tachografu<\/a>&#8220; (konzultova\u0165 spr\u00e1vny v\u00fdber kr\u00fa\u017ekov m\u00f4\u017eete konzultova\u0165 aj so <a href=\"https:\/\/www.mototach.sk\">strediskom tachografov Mototach.<\/a><\/li>\n<\/ul>\n","protected":false},"excerpt":{"rendered":"<p>100ks OEM kr\u00fa\u017ekov do anal\u00f3gov\u00fdch tachografov, ktor\u00e9 s\u00fa odpor\u00fa\u010dan\u00e9 v\u00fdrobcom pre presn\u00e9 a efekt\u00edvne zaznamen\u00e1vanie jazdn\u00fdch \u00fadajov. Tieto kr\u00fa\u017eky s\u00fa navrhnut\u00e9 na pou\u017eitie s r\u00f4znymi modelmi anal\u00f3gov\u00fdch tachografov a zabezpe\u010duj\u00fa, \u017ee v\u0161etky \u00fadaje s\u00fa spr\u00e1vne zaznamenan\u00e9 a dlho archivovan\u00e9 pod\u013ea z\u00e1konu<\/p>\n<p><strong>Dostupn\u00e9 s\u00fa pre r\u00fdchlosti 100 | 125 | 140 | 180 &#8211; Varianty, ktor\u00e9 s\u00fa dostupn\u00e9 maj\u00fa len minim\u00e1lne rozdiely. Pokia\u013e, neh\u013ead\u00e1te \u0161pecifick\u00fd typ kr\u00fa\u017ekov, typ 4B v\u00e1m bude vyhovova\u0165 v ka\u017edom zn\u00e1mom tachografe a vy si u\u017e len vyberte kr\u00fa\u017eky pod\u013ea r\u00fdchlosti tachografu. <\/strong><\/p>\n<p><strong><em>Cena produktu je vy\u0161\u0161ia z d\u00f4vodu origin\u00e1lnych nemeck\u00fdch kr\u00fa\u017ekov<\/em><br \/>\n<\/strong><\/p>\n<blockquote><p><span style=\"color: #ff6600;\"><strong>Vodi\u010d sa p\u00fdta<\/strong><\/span>: &#8222;Ktor\u00fd typ mi treba?&#8220; \u00a0km\/h tachografu a spr\u00e1vnos\u0165 kr\u00fa\u017ekov zist\u00edte tak, \u017ee zist\u00edte maxim\u00e1lnu r\u00fdchlos\u0165, ktor\u00fa tachograf ukazuje (,,,ale pozer\u00e1me sa na mal\u00e9 \u010d\u00edslo maxim\u00e1lnej r\u00fdchlosti pod maxim\u00e1lnou r\u00fdchlos\u0165ou na tachometri \/ tachografu. Druh\u00fd sp\u00f4sob je otvori\u0165 \/ odklopi\u0165 tachograf a pozrie\u0165 maxim\u00e1lny merac\u00ed rozsah uveden\u00fd ako XX km\/h. <strong>Nedajte sa zmias\u0165 maxim\u00e1lnou povolenou r\u00fdchlos\u0165ou vozidla<\/strong>. Aj, ke\u010f vozidlo ide maxim\u00e1lne 90 m\u00f4\u017ee sa sta\u0165, \u017ee bude ma\u0165 140tkov\u00e9 kr\u00fa\u017eky. <span style=\"color: #ff6600;\"><strong>Zl\u00fd v\u00fdber kr\u00fa\u017ekov sp\u00f4sobu kompletne nespr\u00e1vny z\u00e1pis<\/strong><\/span> tachografu na kr\u00fa\u017eok z d\u00f4vodu, \u017ee s\u00fa posunut\u00e9 kontroln\u00e9 body r\u00fdchlosti na z\u00e1znamovom liste &#8211; kr\u00fa\u017eku<\/p><\/blockquote>\n<p>&nbsp;<\/p>\n<p>&nbsp;<\/p>\n","protected":false},"featured_media":1392,"comment_status":"open","ping_status":"closed","template":"","meta":{"site-sidebar-layout":"default","site-content-layout":"","ast-site-content-layout":"default","site-content-style":"default","site-sidebar-style":"default","ast-global-header-display":"","ast-banner-title-visibility":"","ast-main-header-display":"","ast-hfb-above-header-display":"","ast-hfb-below-header-display":"","ast-hfb-mobile-header-display":"","site-post-title":"","ast-breadcrumbs-content":"","ast-featured-img":"","footer-sml-layout":"","ast-disable-related-posts":"","theme-transparent-header-meta":"default","adv-header-id-meta":"","stick-header-meta":"","header-above-stick-meta":"","header-main-stick-meta":"","header-below-stick-meta":"","astra-migrate-meta-layouts":"set","ast-page-background-enabled":"default","ast-page-background-meta":{"desktop":{"background-color":"var(--ast-global-color-4)","background-image":"","background-repeat":"repeat","background-position":"center center","background-size":"auto","background-attachment":"scroll","background-type":"","background-media":"","overlay-type":"","overlay-color":"","overlay-opacity":"","overlay-gradient":""},"tablet":{"background-color":"","background-image":"","background-repeat":"repeat","background-position":"center center","background-size":"auto","background-attachment":"scroll","background-type":"","background-media":"","overlay-type":"","overlay-color":"","overlay-opacity":"","overlay-gradient":""},"mobile":{"background-color":"","background-image":"","background-repeat":"repeat","background-position":"center center","background-size":"auto","background-attachment":"scroll","background-type":"","background-media":"","overlay-type":"","overlay-color":"","overlay-opacity":"","overlay-gradient":""}},"ast-content-background-meta":{"desktop":{"background-color":"var(--ast-global-color-5)","background-image":"","background-repeat":"repeat","background-position":"center center","background-size":"auto","background-attachment":"scroll","background-type":"","background-media":"","overlay-type":"","overlay-color":"","overlay-opacity":"","overlay-gradient":""},"tablet":{"background-color":"var(--ast-global-color-5)","background-image":"","background-repeat":"repeat","background-position":"center center","background-size":"auto","background-attachment":"scroll","background-type":"","background-media":"","overlay-type":"","overlay-color":"","overlay-opacity":"","overlay-gradient":""},"mobile":{"background-color":"var(--ast-global-color-5)","background-image":"","background-repeat":"repeat","background-position":"center center","background-size":"auto","background-attachment":"scroll","background-type":"","background-media":"","overlay-type":"","overlay-color":"","overlay-opacity":"","overlay-gradient":""}}},"product_brand":[],"product_cat":[62],"product_tag":[70,68,63,64,66,65,69,67,28],"class_list":{"0":"post-1391","1":"product","2":"type-product","3":"status-publish","4":"has-post-thumbnail","6":"product_cat-tovar-pre-tachograf","7":"product_tag-analogovy-tachograf","8":"product_tag-kotuce","9":"product_tag-kruzky","10":"product_tag-papier-do-tacho","11":"product_tag-papier-kincel","12":"product_tag-papier-kinzle","13":"product_tag-tacho-kotuc","14":"product_tag-tacho-kruzky","15":"product_tag-vdo","16":"desktop-align-left","17":"tablet-align-left","18":"mobile-align-left","20":"first","21":"instock","22":"taxable","23":"shipping-taxable","24":"purchasable","25":"product-type-variable"},"_links":{"self":[{"href":"https:\/\/www.mototach.sk\/truckshop\/wp-json\/wp\/v2\/product\/1391","targetHints":{"allow":["GET"]}}],"collection":[{"href":"https:\/\/www.mototach.sk\/truckshop\/wp-json\/wp\/v2\/product"}],"about":[{"href":"https:\/\/www.mototach.sk\/truckshop\/wp-json\/wp\/v2\/types\/product"}],"replies":[{"embeddable":true,"href":"https:\/\/www.mototach.sk\/truckshop\/wp-json\/wp\/v2\/comments?post=1391"}],"wp:featuredmedia":[{"embeddable":true,"href":"https:\/\/www.mototach.sk\/truckshop\/wp-json\/wp\/v2\/media\/1392"}],"wp:attachment":[{"href":"https:\/\/www.mototach.sk\/truckshop\/wp-json\/wp\/v2\/media?parent=1391"}],"wp:term":[{"taxonomy":"product_brand","embeddable":true,"href":"https:\/\/www.mototach.sk\/truckshop\/wp-json\/wp\/v2\/product_brand?post=1391"},{"taxonomy":"product_cat","embeddable":true,"href":"https:\/\/www.mototach.sk\/truckshop\/wp-json\/wp\/v2\/product_cat?post=1391"},{"taxonomy":"product_tag","embeddable":true,"href":"https:\/\/www.mototach.sk\/truckshop\/wp-json\/wp\/v2\/product_tag?post=1391"}],"curies":[{"name":"wp","href":"https:\/\/api.w.org\/{rel}","templated":true}]}}