{"id":1389,"date":"2024-08-15T12:58:19","date_gmt":"2024-08-15T12:58:19","guid":{"rendered":"https:\/\/www.mototach.sk\/truckshop\/?post_type=product&#038;p=1389"},"modified":"2025-12-09T21:47:45","modified_gmt":"2025-12-09T21:47:45","slug":"tacho-bateria","status":"publish","type":"product","link":"https:\/\/www.mototach.sk\/truckshop\/product\/tacho-bateria\/","title":{"rendered":"Tacho bat\u00e9ria"},"content":{"rendered":"<p><strong>Tacho bat\u00e9ria a jej k\u013e\u00fa\u010dov\u00e9 vlastnosti:<\/strong><\/p>\n<ul>\n<li><strong>Kvalitn\u00e1 a dlh\u00e1 \u017eivotnos\u0165:<\/strong> Na\u0161a bat\u00e9ria je navrhnut\u00e1 tak, aby poskytovala dlhodob\u00fa a stabiln\u00fa energiu, \u010do zais\u0165uje spo\u013eahliv\u00e9 fungovanie tachografu po dobu maxim\u00e1lne 2 rokov<\/li>\n<li><strong>R\u00fdchla a jednoduch\u00e1 v\u00fdmena:<\/strong> Bat\u00e9ria sa \u013eahko vymie\u0148a, \u010d\u00edm \u0161etr\u00ed \u010das a \u00fasilie pri \u00fadr\u017ebe tachografu. V\u00fdmenn\u00fd proces je intuit\u00edvny a nevy\u017eaduje \u0161peci\u00e1lne n\u00e1stroje.<\/li>\n<li><strong>\u0160irok\u00e1 kompatibilita:<\/strong> Na\u0161a bat\u00e9ria je kompatibiln\u00e1 s r\u00f4znymi modelmi \u00a0tachografov VDO<\/li>\n<li><strong>Odolnos\u0165 a spo\u013eahlivos\u0165:<\/strong> Vyroben\u00e1 z kvalitn\u00fdch materi\u00e1lov, bat\u00e9ria je odoln\u00e1 vo\u010di extr\u00e9mnym podmienkam a zaist\u00ed bezprobl\u00e9mov\u00fa prev\u00e1dzku aj v n\u00e1ro\u010dn\u00fdch podmienkach.Nespr\u00e1vnou v\u00fdmenou bat\u00e9rie m\u00f4\u017eete nen\u00e1vratne po\u0161kodi\u0165 tachograf. V\u00fdmenu bat\u00e9rie aj na va\u0161ich star\u00fdch zariadeniach dok\u00e1\u017eeme vyrie\u0161i\u0165 na po\u010dkanie v <a href=\"https:\/\/www.mototach.sk\/\">centrum tachografov Mototach<\/a><\/li>\n<\/ul>\n","protected":false},"excerpt":{"rendered":"<p><strong>Tacho bat\u00e9ria <\/strong>zabezpe\u010duje dlhodob\u00fa \u017eivotnos\u0165 n\u00e1hradn\u00fdch\/z\u00e1lo\u017en\u00fdch tachografov alebo tachografov vo vozidl\u00e1ch, ktor\u00e9 stoja alebo bud\u00fa st\u00e1\u0165 viac ako 2 roky bez overenia tachografu. T\u00e1to bat\u00e9ria v tachografe sl\u00fa\u017ei na dr\u017eanie EEPROM pam\u00e4te tachografu. Tento typ pam\u00e4te je \u0161pecifick\u00fd t\u00fdm, \u017ee dok\u00e1\u017ee dr\u017ea\u0165 \u00fadaje len za predpokladu, \u017ee zabezpe\u010denie nap\u00e1janie tejto pam\u00e4te. <strong>V\u00fdmena tejto bat\u00e9rie zvladnete sami a bez probl\u00e9mov za predpokladu, \u017ee je tachograf je napojen\u00fd na vozidlo (a zapnut\u00fd k\u013e\u00fa\u010dik zapa\u013eovania) alebo na in\u00fd prid\u00e1van\u00fd zdroj nap\u00e1jania. V inom pr\u00edpade doch\u00e1dza k zni\u010deniu tachografu.<\/strong><\/p>\n","protected":false},"featured_media":1390,"comment_status":"closed","ping_status":"closed","template":"","meta":{"site-sidebar-layout":"default","site-content-layout":"","ast-site-content-layout":"default","site-content-style":"default","site-sidebar-style":"default","ast-global-header-display":"","ast-banner-title-visibility":"","ast-main-header-display":"","ast-hfb-above-header-display":"","ast-hfb-below-header-display":"","ast-hfb-mobile-header-display":"","site-post-title":"","ast-breadcrumbs-content":"","ast-featured-img":"","footer-sml-layout":"","ast-disable-related-posts":"","theme-transparent-header-meta":"default","adv-header-id-meta":"","stick-header-meta":"","header-above-stick-meta":"","header-main-stick-meta":"","header-below-stick-meta":"","astra-migrate-meta-layouts":"set","ast-page-background-enabled":"default","ast-page-background-meta":{"desktop":{"background-color":"var(--ast-global-color-4)","background-image":"","background-repeat":"repeat","background-position":"center center","background-size":"auto","background-attachment":"scroll","background-type":"","background-media":"","overlay-type":"","overlay-color":"","overlay-opacity":"","overlay-gradient":""},"tablet":{"background-color":"","background-image":"","background-repeat":"repeat","background-position":"center center","background-size":"auto","background-attachment":"scroll","background-type":"","background-media":"","overlay-type":"","overlay-color":"","overlay-opacity":"","overlay-gradient":""},"mobile":{"background-color":"","background-image":"","background-repeat":"repeat","background-position":"center center","background-size":"auto","background-attachment":"scroll","background-type":"","background-media":"","overlay-type":"","overlay-color":"","overlay-opacity":"","overlay-gradient":""}},"ast-content-background-meta":{"desktop":{"background-color":"var(--ast-global-color-5)","background-image":"","background-repeat":"repeat","background-position":"center center","background-size":"auto","background-attachment":"scroll","background-type":"","background-media":"","overlay-type":"","overlay-color":"","overlay-opacity":"","overlay-gradient":""},"tablet":{"background-color":"var(--ast-global-color-5)","background-image":"","background-repeat":"repeat","background-position":"center center","background-size":"auto","background-attachment":"scroll","background-type":"","background-media":"","overlay-type":"","overlay-color":"","overlay-opacity":"","overlay-gradient":""},"mobile":{"background-color":"var(--ast-global-color-5)","background-image":"","background-repeat":"repeat","background-position":"center center","background-size":"auto","background-attachment":"scroll","background-type":"","background-media":"","overlay-type":"","overlay-color":"","overlay-opacity":"","overlay-gradient":""}}},"product_brand":[],"product_cat":[54],"product_tag":[60,59,56,57,61,121,28,58],"class_list":{"0":"post-1389","1":"product","2":"type-product","3":"status-publish","4":"has-post-thumbnail","6":"product_cat-prislusensto-k-tachografu","7":"product_tag-bateria","8":"product_tag-bateria-do-tachografu","9":"product_tag-baterka-do-tachografu","10":"product_tag-baterka-do-vdo","11":"product_tag-dtco-bateria","12":"product_tag-tacho-bateria","13":"product_tag-vdo","14":"product_tag-vymena-baterky-v-tachografe","15":"desktop-align-left","16":"tablet-align-left","17":"mobile-align-left","19":"first","20":"instock","21":"taxable","22":"shipping-taxable","23":"purchasable","24":"product-type-simple"},"_links":{"self":[{"href":"https:\/\/www.mototach.sk\/truckshop\/wp-json\/wp\/v2\/product\/1389","targetHints":{"allow":["GET"]}}],"collection":[{"href":"https:\/\/www.mototach.sk\/truckshop\/wp-json\/wp\/v2\/product"}],"about":[{"href":"https:\/\/www.mototach.sk\/truckshop\/wp-json\/wp\/v2\/types\/product"}],"replies":[{"embeddable":true,"href":"https:\/\/www.mototach.sk\/truckshop\/wp-json\/wp\/v2\/comments?post=1389"}],"wp:featuredmedia":[{"embeddable":true,"href":"https:\/\/www.mototach.sk\/truckshop\/wp-json\/wp\/v2\/media\/1390"}],"wp:attachment":[{"href":"https:\/\/www.mototach.sk\/truckshop\/wp-json\/wp\/v2\/media?parent=1389"}],"wp:term":[{"taxonomy":"product_brand","embeddable":true,"href":"https:\/\/www.mototach.sk\/truckshop\/wp-json\/wp\/v2\/product_brand?post=1389"},{"taxonomy":"product_cat","embeddable":true,"href":"https:\/\/www.mototach.sk\/truckshop\/wp-json\/wp\/v2\/product_cat?post=1389"},{"taxonomy":"product_tag","embeddable":true,"href":"https:\/\/www.mototach.sk\/truckshop\/wp-json\/wp\/v2\/product_tag?post=1389"}],"curies":[{"name":"wp","href":"https:\/\/api.w.org\/{rel}","templated":true}]}}