{"id":1377,"date":"2024-08-15T11:52:31","date_gmt":"2024-08-15T11:52:31","guid":{"rendered":"https:\/\/www.mototach.sk\/truckshop\/?post_type=product&#038;p=1377"},"modified":"2026-02-18T21:48:48","modified_gmt":"2026-02-18T21:48:48","slug":"tachograf-vdo-gen2-smart1-pre-vnutrostatnu-prepravu","status":"publish","type":"product","link":"https:\/\/www.mototach.sk\/truckshop\/product\/tachograf-vdo-gen2-smart1-pre-vnutrostatnu-prepravu\/","title":{"rendered":"Tachograf \u2013 VDO GEN2 SMART1 (Pre vn\u00fatro\u0161t\u00e1tnu prepravu)"},"content":{"rendered":"<p><strong>K\u013e\u00fa\u010dov\u00e9 vlastnosti:<\/strong><\/p>\n<ul>\n<li><strong>Zlep\u0161en\u00e1 presnos\u0165 a spo\u013eahlivos\u0165:<\/strong> DTCO VDO GEN2 pon\u00faka pokro\u010dil\u00e9 technol\u00f3gie pre e\u0161te presnej\u0161ie zaznamen\u00e1vanie jazdn\u00fdch \u010dasov a prest\u00e1vok, \u010d\u00edm zais\u0165uje s\u00falad s legislat\u00edvou.<\/li>\n<li><strong>Jednoduch\u00e9 pou\u017e\u00edvanie:<\/strong> Intuit\u00edvne rozhranie a u\u017e\u00edvate\u013esky pr\u00edvetiv\u00fd dizajn umo\u017e\u0148uj\u00fa vodi\u010dom jednoduch\u00e9 ovl\u00e1danie a spr\u00e1vu d\u00e1t.<\/li>\n<li><strong>R\u00fdchle s\u0165ahovanie d\u00e1t:<\/strong> Tento model umo\u017e\u0148uje r\u00fdchle a efekt\u00edvne s\u0165ahovanie a prenos \u00fadajov, \u010do \u0161etr\u00ed \u010das a zjednodu\u0161uje spr\u00e1vu vozov\u00e9ho parku.<\/li>\n<li><strong>Vylep\u0161en\u00e1 konektivita:<\/strong> DTCO VDO GEN2 pon\u00faka lep\u0161ie mo\u017enosti pripojenia a integr\u00e1cie s existuj\u00facimi syst\u00e9mami, \u010do umo\u017e\u0148uje jednoduch\u00fa synchroniz\u00e1ciu a spr\u00e1vu \u00fadajov v re\u00e1lnom \u010dase.<\/li>\n<li><strong>Robustn\u00fd a odoln\u00fd dizajn:<\/strong> Tachograf je navrhnut\u00fd tak, aby odolal n\u00e1ro\u010dn\u00fdm podmienkam prev\u00e1dzky, \u010do zais\u0165uje dlh\u00fa \u017eivotnos\u0165 a spo\u013eahliv\u00fd v\u00fdkon.<\/li>\n<li><strong>GNSS<\/strong> = eur\u00f3psky naviga\u010dn\u00fd syst\u00e9m prv\u00fd kr\u00e1t pou\u017eit\u00fd v tachografe na kontr\u00f3lu fyzickej r\u00fdchlosti vozidla<\/li>\n<li><strong>DSRC modul<\/strong> = prv\u00fd kr\u00e1t pou\u017eit\u00fd modul DSRC na dia\u013ekov\u00fa kontrolu v radoch metroch pr\u00edslu\u0161n\u00fdm org\u00e1nom na zefekt\u00edvnenie kontroly a plynulosti prem\u00e1vky<\/li>\n<\/ul>\n<p>DTCO VDO GEN2 je ide\u00e1lnou vo\u013ebou pre dopravn\u00e9 spolo\u010dnosti, ktor\u00e9 vy\u017eaduj\u00fa spo\u013eahliv\u00e9 a modern\u00e9 rie\u0161enie na sledovanie a spr\u00e1vu vozidiel <strong>v r\u00e1mci vn\u00fatro\u0161t\u00e1tnej prepravy<\/strong>.Pre medzin\u00e1rodn\u00fa prepravu je nutn\u00e9 zvoli\u0165 <strong>povinn\u00fd tachograf SMART2 GEN2<\/strong><\/p>\n","protected":false},"excerpt":{"rendered":"<p><strong>Tachograf<\/strong> DTCO VDO GEN2 je overen\u00fdm rie\u0161en\u00edm pre spo\u013eahliv\u00e9 a presn\u00e9 zaznamen\u00e1vanie jazdn\u00fdch \u010dasov a prest\u00e1vok vodi\u010dov od 15. 6. 2019. Tento model tachografu patr\u00ed medzi druh\u00e9 gener\u00e1cie digit\u00e1lnych tachografov a prv\u00e9 verzie SMART od VDO, ktor\u00fd priniesol prv\u00fd kr\u00e1t funkcie ako DSRC (kontrola vodi\u010da pol\u00edciou na dia\u013eku) a spolu s nov\u00fdm syst\u00e9mom eur\u00f3pskeho naviga\u010dn\u00e9ho syst\u00e9mu bol implementovan\u00fd aj do tachografu pod skratkou GNSS na kontrolu r\u00fdchlosti vozidla s tou fyzikou.<\/p>\n","protected":false},"featured_media":1382,"comment_status":"open","ping_status":"closed","template":"","meta":{"site-sidebar-layout":"default","site-content-layout":"","ast-site-content-layout":"default","site-content-style":"default","site-sidebar-style":"default","ast-global-header-display":"","ast-banner-title-visibility":"","ast-main-header-display":"","ast-hfb-above-header-display":"","ast-hfb-below-header-display":"","ast-hfb-mobile-header-display":"","site-post-title":"","ast-breadcrumbs-content":"","ast-featured-img":"","footer-sml-layout":"","ast-disable-related-posts":"","theme-transparent-header-meta":"default","adv-header-id-meta":"","stick-header-meta":"","header-above-stick-meta":"","header-main-stick-meta":"","header-below-stick-meta":"","astra-migrate-meta-layouts":"set","ast-page-background-enabled":"default","ast-page-background-meta":{"desktop":{"background-color":"var(--ast-global-color-4)","background-image":"","background-repeat":"repeat","background-position":"center center","background-size":"auto","background-attachment":"scroll","background-type":"","background-media":"","overlay-type":"","overlay-color":"","overlay-opacity":"","overlay-gradient":""},"tablet":{"background-color":"","background-image":"","background-repeat":"repeat","background-position":"center center","background-size":"auto","background-attachment":"scroll","background-type":"","background-media":"","overlay-type":"","overlay-color":"","overlay-opacity":"","overlay-gradient":""},"mobile":{"background-color":"","background-image":"","background-repeat":"repeat","background-position":"center center","background-size":"auto","background-attachment":"scroll","background-type":"","background-media":"","overlay-type":"","overlay-color":"","overlay-opacity":"","overlay-gradient":""}},"ast-content-background-meta":{"desktop":{"background-color":"var(--ast-global-color-5)","background-image":"","background-repeat":"repeat","background-position":"center center","background-size":"auto","background-attachment":"scroll","background-type":"","background-media":"","overlay-type":"","overlay-color":"","overlay-opacity":"","overlay-gradient":""},"tablet":{"background-color":"var(--ast-global-color-5)","background-image":"","background-repeat":"repeat","background-position":"center center","background-size":"auto","background-attachment":"scroll","background-type":"","background-media":"","overlay-type":"","overlay-color":"","overlay-opacity":"","overlay-gradient":""},"mobile":{"background-color":"var(--ast-global-color-5)","background-image":"","background-repeat":"repeat","background-position":"center center","background-size":"auto","background-attachment":"scroll","background-type":"","background-media":"","overlay-type":"","overlay-color":"","overlay-opacity":"","overlay-gradient":""}}},"product_brand":[],"product_cat":[24],"product_tag":[36,39,25,35,37,38],"class_list":{"0":"post-1377","1":"product","2":"type-product","3":"status-publish","4":"has-post-thumbnail","6":"product_cat-tachografy","7":"product_tag-stary-tachograf","8":"product_tag-tacho-stary","9":"product_tag-tachograf","10":"product_tag-tachografn-gen2-smart1","11":"product_tag-vnutrostatna-preprava","12":"product_tag-vnutrostatna-preprava-tacho","13":"desktop-align-left","14":"tablet-align-left","15":"mobile-align-left","17":"first","18":"instock","19":"taxable","20":"shipping-taxable","21":"purchasable","22":"product-type-simple"},"_links":{"self":[{"href":"https:\/\/www.mototach.sk\/truckshop\/wp-json\/wp\/v2\/product\/1377","targetHints":{"allow":["GET"]}}],"collection":[{"href":"https:\/\/www.mototach.sk\/truckshop\/wp-json\/wp\/v2\/product"}],"about":[{"href":"https:\/\/www.mototach.sk\/truckshop\/wp-json\/wp\/v2\/types\/product"}],"replies":[{"embeddable":true,"href":"https:\/\/www.mototach.sk\/truckshop\/wp-json\/wp\/v2\/comments?post=1377"}],"wp:featuredmedia":[{"embeddable":true,"href":"https:\/\/www.mototach.sk\/truckshop\/wp-json\/wp\/v2\/media\/1382"}],"wp:attachment":[{"href":"https:\/\/www.mototach.sk\/truckshop\/wp-json\/wp\/v2\/media?parent=1377"}],"wp:term":[{"taxonomy":"product_brand","embeddable":true,"href":"https:\/\/www.mototach.sk\/truckshop\/wp-json\/wp\/v2\/product_brand?post=1377"},{"taxonomy":"product_cat","embeddable":true,"href":"https:\/\/www.mototach.sk\/truckshop\/wp-json\/wp\/v2\/product_cat?post=1377"},{"taxonomy":"product_tag","embeddable":true,"href":"https:\/\/www.mototach.sk\/truckshop\/wp-json\/wp\/v2\/product_tag?post=1377"}],"curies":[{"name":"wp","href":"https:\/\/api.w.org\/{rel}","templated":true}]}}