{"id":1371,"date":"2024-08-15T09:06:11","date_gmt":"2024-08-15T09:06:11","guid":{"rendered":"https:\/\/www.mototach.sk\/truckshop\/?post_type=product&#038;p=1371"},"modified":"2026-02-18T21:50:07","modified_gmt":"2026-02-18T21:50:07","slug":"tachograf-vdo-gen2-smart2-eu-ready","status":"publish","type":"product","link":"https:\/\/www.mototach.sk\/truckshop\/product\/tachograf-vdo-gen2-smart2-eu-ready\/","title":{"rendered":"Tachograf &#8211; VDO GEN2 SMART2 (E\u00da Ready)"},"content":{"rendered":"<p><strong>VDO DTCO GEN2 SMART2 &#8211; Nov\u00e1 Gener\u00e1cia Inteligentn\u00e9ho Tachografu &#8211; Povinn\u00fd tachograf pre medzin\u00e1rodn\u00fa dopravu od roku 2025<\/strong><\/p>\n<p><strong>K\u013e\u00fa\u010dov\u00e9 vlastnosti:<\/strong><\/p>\n<ul>\n<li><strong>Najnov\u0161ia gener\u00e1cia inteligentn\u00e9ho tachografu:<\/strong> VDO DTCO GEN2 SMART2 prich\u00e1dza s mno\u017estvom vylep\u0161en\u00ed oproti predch\u00e1dzaj\u00facim modelom, vr\u00e1tane zv\u00fd\u0161enej kapacity pam\u00e4te a r\u00fdchlej\u0161ieho prenosu d\u00e1t.<\/li>\n<li><strong>Integrovan\u00fd GNSS modul:<\/strong> Zabezpe\u010duje presn\u00e9 ur\u010denie polohy vozidla, \u010do umo\u017e\u0148uje detailnej\u0161ie sledovanie tr\u00e1s a optimaliz\u00e1ciu logistiky.<\/li>\n<li><strong>Automatick\u00e1 detekcia udalost\u00ed:<\/strong> Syst\u00e9m je schopn\u00fd automaticky zaznamen\u00e1va\u0165 a hl\u00e1si\u0165 udalosti ako prekro\u010denie r\u00fdchlosti alebo manipul\u00e1ciu s pr\u00edstrojom.<\/li>\n<li><strong>Konektivita a vzdialen\u00fd pr\u00edstup:<\/strong> Prostredn\u00edctvom bezdr\u00f4tov\u00e9ho pripojenia m\u00f4\u017eete jednoducho spravova\u0165 a analyzova\u0165 \u00fadaje z tachografu kdeko\u013evek a kedyko\u013evek.<\/li>\n<li><strong>Zv\u00fd\u0161en\u00e1 bezpe\u010dnos\u0165:<\/strong> Vylep\u0161en\u00e9 bezpe\u010dnostn\u00e9 protokoly chr\u00e1nia citliv\u00e9 \u00fadaje pred neopr\u00e1vnen\u00fdm pr\u00edstupom a manipul\u00e1ciou.<\/li>\n<li><strong>Jednoduch\u00e1 in\u0161tal\u00e1cia a obsluha:<\/strong> VDO DTCO GEN2 SMART2 je navrhnut\u00fd tak, aby jeho in\u0161tal\u00e1cia a ka\u017edodenn\u00e1 obsluha bola maxim\u00e1lne jednoduch\u00e1 a intuit\u00edvna.<\/li>\n<\/ul>\n<p>Tachograf <a href=\"https:\/\/www.continental-aftermarket.com\/en-en\/brands\/vdo-is-now-continental\/\">VDO<\/a> DTCO GEN2 SMART2 je ide\u00e1lnym rie\u0161en\u00edm pre modern\u00e9 flotily, ktor\u00e9 vy\u017eaduj\u00fa spo\u013eahliv\u00e9 a inteligentn\u00e9 rie\u0161enie pre monitorovanie a anal\u00fdzu prev\u00e1dzky vozidiel. S jeho pomocou m\u00f4\u017eete nielen zlep\u0161i\u0165 efektivitu svojho podnikania, ale aj zv\u00fd\u0161i\u0165 bezpe\u010dnos\u0165 na cest\u00e1ch.<\/p>\n","protected":false},"excerpt":{"rendered":"<p><strong>Povinn\u00fd tachograf \u00a0GEN2 SMART2 pre medzin\u00e1rodn\u00fa dopravu od roku 2025 a povinn\u00fdm v Eur\u00f3pskej \u00fanii pre novoregistrovan\u00e9 vozidl\u00e1 od 21. augusta 2023. N<\/strong>ajnov\u0161\u00ed model inteligentn\u00e9ho tachografu VDO DTCO GEN2 SMART2, ktor\u00fd pos\u00fava hranice efekt\u00edvneho monitorovania a spr\u00e1vy vozov\u00e9ho parku na nov\u00fa \u00farove\u0148. Tento revolu\u010dn\u00fd pr\u00edstroj je navrhnut\u00fd s d\u00f4razom na presnos\u0165, bezpe\u010dnos\u0165 a jednoduch\u00fa obsluhu, \u010d\u00edm zabezpe\u010duje maxim\u00e1lnu spo\u013eahlivos\u0165 v ka\u017edej situ\u00e1cii. Dok\u00e1\u017ee komunikova\u0165 s mobilom, hardware implementovanie m\u00fdta a mnoho in\u00e9ho. Kompletn\u00fd zoznam funkci\u00ed a vychyt\u00e1vok klikaj <a href=\"https:\/\/www.mototach.sk\/nove-tachografy-vedia-rozpravat-zacinaju-hromadne-vypovede-soferov\/\"><strong>TU<\/strong><\/a><\/p>\n","protected":false},"featured_media":1372,"comment_status":"closed","ping_status":"closed","template":"","meta":{"site-sidebar-layout":"default","site-content-layout":"","ast-site-content-layout":"default","site-content-style":"default","site-sidebar-style":"default","ast-global-header-display":"","ast-banner-title-visibility":"","ast-main-header-display":"","ast-hfb-above-header-display":"","ast-hfb-below-header-display":"","ast-hfb-mobile-header-display":"","site-post-title":"","ast-breadcrumbs-content":"","ast-featured-img":"","footer-sml-layout":"","ast-disable-related-posts":"","theme-transparent-header-meta":"default","adv-header-id-meta":"","stick-header-meta":"","header-above-stick-meta":"","header-main-stick-meta":"","header-below-stick-meta":"","astra-migrate-meta-layouts":"set","ast-page-background-enabled":"default","ast-page-background-meta":{"desktop":{"background-color":"var(--ast-global-color-4)","background-image":"","background-repeat":"repeat","background-position":"center center","background-size":"auto","background-attachment":"scroll","background-type":"","background-media":"","overlay-type":"","overlay-color":"","overlay-opacity":"","overlay-gradient":""},"tablet":{"background-color":"","background-image":"","background-repeat":"repeat","background-position":"center center","background-size":"auto","background-attachment":"scroll","background-type":"","background-media":"","overlay-type":"","overlay-color":"","overlay-opacity":"","overlay-gradient":""},"mobile":{"background-color":"","background-image":"","background-repeat":"repeat","background-position":"center center","background-size":"auto","background-attachment":"scroll","background-type":"","background-media":"","overlay-type":"","overlay-color":"","overlay-opacity":"","overlay-gradient":""}},"ast-content-background-meta":{"desktop":{"background-color":"var(--ast-global-color-5)","background-image":"","background-repeat":"repeat","background-position":"center center","background-size":"auto","background-attachment":"scroll","background-type":"","background-media":"","overlay-type":"","overlay-color":"","overlay-opacity":"","overlay-gradient":""},"tablet":{"background-color":"var(--ast-global-color-5)","background-image":"","background-repeat":"repeat","background-position":"center center","background-size":"auto","background-attachment":"scroll","background-type":"","background-media":"","overlay-type":"","overlay-color":"","overlay-opacity":"","overlay-gradient":""},"mobile":{"background-color":"var(--ast-global-color-5)","background-image":"","background-repeat":"repeat","background-position":"center center","background-size":"auto","background-attachment":"scroll","background-type":"","background-media":"","overlay-type":"","overlay-color":"","overlay-opacity":"","overlay-gradient":""}}},"product_brand":[],"product_cat":[24],"product_tag":[27,29,25,26,28],"class_list":{"0":"post-1371","1":"product","2":"type-product","3":"status-publish","4":"has-post-thumbnail","6":"product_cat-tachografy","7":"product_tag-dtco-vdo","8":"product_tag-gen2-smart2","9":"product_tag-tachograf","10":"product_tag-tachografy","11":"product_tag-vdo","12":"desktop-align-left","13":"tablet-align-left","14":"mobile-align-left","16":"first","17":"instock","18":"taxable","19":"shipping-taxable","20":"purchasable","21":"product-type-variable"},"_links":{"self":[{"href":"https:\/\/www.mototach.sk\/truckshop\/wp-json\/wp\/v2\/product\/1371","targetHints":{"allow":["GET"]}}],"collection":[{"href":"https:\/\/www.mototach.sk\/truckshop\/wp-json\/wp\/v2\/product"}],"about":[{"href":"https:\/\/www.mototach.sk\/truckshop\/wp-json\/wp\/v2\/types\/product"}],"replies":[{"embeddable":true,"href":"https:\/\/www.mototach.sk\/truckshop\/wp-json\/wp\/v2\/comments?post=1371"}],"wp:featuredmedia":[{"embeddable":true,"href":"https:\/\/www.mototach.sk\/truckshop\/wp-json\/wp\/v2\/media\/1372"}],"wp:attachment":[{"href":"https:\/\/www.mototach.sk\/truckshop\/wp-json\/wp\/v2\/media?parent=1371"}],"wp:term":[{"taxonomy":"product_brand","embeddable":true,"href":"https:\/\/www.mototach.sk\/truckshop\/wp-json\/wp\/v2\/product_brand?post=1371"},{"taxonomy":"product_cat","embeddable":true,"href":"https:\/\/www.mototach.sk\/truckshop\/wp-json\/wp\/v2\/product_cat?post=1371"},{"taxonomy":"product_tag","embeddable":true,"href":"https:\/\/www.mototach.sk\/truckshop\/wp-json\/wp\/v2\/product_tag?post=1371"}],"curies":[{"name":"wp","href":"https:\/\/api.w.org\/{rel}","templated":true}]}}